{"id":84092,"date":"2021-03-17T10:21:50","date_gmt":"2021-03-17T09:21:50","guid":{"rendered":"https:\/\/gallehr.deetag.de\/?page_id=84092"},"modified":"2021-04-06T17:27:05","modified_gmt":"2021-04-06T15:27:05","slug":"unternehmen","status":"publish","type":"page","link":"https:\/\/gallehr.flei.dev\/de\/unternehmen\/","title":{"rendered":"Unternehmen"},"content":{"rendered":"<div class=\"wpb-content-wrapper\"><p>[vc_row unlock_row_content=&#8220;yes&#8220; row_height_percent=&#8220;0&#8243; override_padding=&#8220;yes&#8220; h_padding=&#8220;2&#8243; top_padding=&#8220;3&#8243; bottom_padding=&#8220;3&#8243; back_color=&#8220;color-202836&#8243; overlay_alpha=&#8220;50&#8243; gutter_size=&#8220;4&#8243; column_width_use_pixel=&#8220;yes&#8220; shift_y=&#8220;0&#8243; z_index=&#8220;0&#8243; column_width_pixel=&#8220;1600&#8243;][vc_column column_width_percent=&#8220;100&#8243; position_vertical=&#8220;middle&#8220; gutter_size=&#8220;3&#8243; overlay_alpha=&#8220;50&#8243; shift_x=&#8220;0&#8243; shift_y=&#8220;0&#8243; shift_y_down=&#8220;0&#8243; z_index=&#8220;0&#8243; medium_width=&#8220;0&#8243; mobile_width=&#8220;0&#8243; css_animation=&#8220;left-t-right&#8220; animation_delay=&#8220;200&#8243; width=&#8220;1\/2&#8243;][vc_custom_heading heading_semantic=&#8220;h3&#8243; text_size=&#8220;h1&#8243;]GALLEHR+PARTNER<sup>\u00ae<\/sup> &#8211; Die Lotsen f\u00fcr die Industrie in Richtung Klimaneutralit\u00e4t[\/vc_custom_heading][vc_column_text]GALLEHR+PARTNER<sup>\u00ae<\/sup> hat sich mit dem Anspruch, Lotse f\u00fcr die Industrie in eine wettbewerbsf\u00e4hige und klimafreundliche Zukunft zu sein, als ein f\u00fchrender Anbieter von <a href=\"https:\/\/gallehr.flei.dev\/leistungen\/\">Klimaschutz-, Energieeffizienz- und nachhaltigen Energiebeschaffungs-Dienstleistungen<\/a> etablieren k\u00f6nnen. Der Kundenstamm der Gallehr Sustainable Risk Management GmbH umfasst eine Vielzahl national und international renommierter, auch <a href=\"https:\/\/gallehr.flei.dev\/referenzen\/\">b\u00f6rsennotierter Unternehmen<\/a>, vornehmlich aus dem Industrie-, Energieversorger-, Agrar- und Flugverkehrsbereich. Wir sind seit 2007 am Markt t\u00e4tig und konnten unser Know-how mittels unserer erfahrenen, mittlerweile 25* <a href=\"https:\/\/gallehr.flei.dev\/team\/\">Berater und Experten<\/a> sowie unserer Kooperationspartner bereits bei mehr als 100 Unternehmen erfolgreich einbringen.<\/p>\n<p>*eigene Berater und eigenes Expertennetzwerk[\/vc_column_text][\/vc_column][vc_column column_width_percent=&#8220;100&#8243; gutter_size=&#8220;3&#8243; overlay_alpha=&#8220;50&#8243; shift_x=&#8220;0&#8243; shift_y=&#8220;0&#8243; shift_y_down=&#8220;0&#8243; z_index=&#8220;0&#8243; medium_width=&#8220;0&#8243; mobile_width=&#8220;0&#8243; width=&#8220;1\/2&#8243;][vc_single_image media=&#8220;84326&#8243; media_width_percent=&#8220;55&#8243; alignment=&#8220;right&#8220; css_animation=&#8220;right-t-left&#8220; animation_delay=&#8220;200&#8243;][\/vc_column][\/vc_row]<\/p>\n<\/div>","protected":false},"excerpt":{"rendered":"<p>[vc_row unlock_row_content=&#8220;yes&#8220; row_height_percent=&#8220;0&#8243; override_padding=&#8220;yes&#8220; h_padding=&#8220;2&#8243; top_padding=&#8220;3&#8243; bottom_padding=&#8220;3&#8243; back_color=&#8220;color-202836&#8243; overlay_alpha=&#8220;50&#8243; gutter_size=&#8220;4&#8243; column_width_use_pixel=&#8220;yes&#8220; shift_y=&#8220;0&#8243; z_index=&#8220;0&#8243; column_width_pixel=&#8220;1600&#8243;][vc_column column_width_percent=&#8220;100&#8243; position_vertical=&#8220;middle&#8220; gutter_size=&#8220;3&#8243; overlay_alpha=&#8220;50&#8243; shift_x=&#8220;0&#8243; shift_y=&#8220;0&#8243; [&hellip;]<\/p>\n","protected":false},"author":6,"featured_media":0,"parent":0,"menu_order":0,"comment_status":"closed","ping_status":"closed","template":"","meta":{"footnotes":""},"class_list":["post-84092","page","type-page","status-publish","hentry"],"_links":{"self":[{"href":"https:\/\/gallehr.flei.dev\/de\/wp-json\/wp\/v2\/pages\/84092","targetHints":{"allow":["GET"]}}],"collection":[{"href":"https:\/\/gallehr.flei.dev\/de\/wp-json\/wp\/v2\/pages"}],"about":[{"href":"https:\/\/gallehr.flei.dev\/de\/wp-json\/wp\/v2\/types\/page"}],"author":[{"embeddable":true,"href":"https:\/\/gallehr.flei.dev\/de\/wp-json\/wp\/v2\/users\/6"}],"replies":[{"embeddable":true,"href":"https:\/\/gallehr.flei.dev\/de\/wp-json\/wp\/v2\/comments?post=84092"}],"version-history":[{"count":0,"href":"https:\/\/gallehr.flei.dev\/de\/wp-json\/wp\/v2\/pages\/84092\/revisions"}],"wp:attachment":[{"href":"https:\/\/gallehr.flei.dev\/de\/wp-json\/wp\/v2\/media?parent=84092"}],"curies":[{"name":"wp","href":"https:\/\/api.w.org\/{rel}","templated":true}]}}