{"id":84117,"date":"2021-03-17T11:30:35","date_gmt":"2021-03-17T10:30:35","guid":{"rendered":"https:\/\/gallehr.deetag.de\/?page_id=84117"},"modified":"2024-11-28T13:09:44","modified_gmt":"2024-11-28T12:09:44","slug":"haftungshinweis-datenschutzerklaerung","status":"publish","type":"page","link":"https:\/\/gallehr.flei.dev\/de\/haftungshinweis-datenschutzerklaerung\/","title":{"rendered":"Haftungshinweis \/ Datenschutzerkl\u00e4rung"},"content":{"rendered":"<h1>Haftungshinweis<\/h1>\n<p>GALLEHR+PARTNER<sup>\u00ae<\/sup> ist eine in Deutschland eingetragene Marke von Sebastian Gallehr und bezieht sich auf die Leistungen des Unternehmernetzwerks, dem auch die Gallehr Sustainable Risk Management GmbH angeh\u00f6rt. Die auf der Website der Gallehr Sustainable Risk Management GmbH zur Verf\u00fcgung gestellten Informationen und Daten sind f\u00fcr die allgemeine Verbreitung bestimmt und dienen ausschlie\u00dflich zu Informationszwecken und stellen insbesondere keine rechtliche oder steuerliche Beratung, Anlageberatung, Empfehlung oder Aufforderung zum Kauf oder Verkauf von Energie, Emissionszertifikaten oder Derivaten dar und beziehen sich nicht auf die spezifischen Anlageziele, die finanzielle Situation bzw. auf etwaige Anforderungen von Personen.<\/p>\n<p>Die Gallehr Sustainable Risk Management GmbH bem\u00fcht sich, dass die auf ihrer Website enthaltenen Informationen und Daten zutreffend sind. Eine Haftung oder Garantie f\u00fcr die Aktualit\u00e4t, Richtigkeit und Vollst\u00e4ndigkeit der zur Verf\u00fcgung gestellten Informationen und Daten ist jedoch ausgeschlossen.<\/p>\n<p>Dies gilt ebenso f\u00fcr alle anderen Websites, auf die mittels eines Hyperlinks verwiesen wird. Die Gallehr Sustainable Risk Management GmbH ist f\u00fcr den Inhalt solcher Websites, die mittels einer solchen Verbindung erreicht werden, ebenfalls nicht verantwortlich. Die Gallehr Sustainable Risk Management GmbH beh\u00e4lt sich vor, ohne Ank\u00fcndigung \u00c4nderungen oder Erg\u00e4nzungen der bereitgestellten Informationen oder Daten vorzunehmen.<\/p>\n<p>Wir freuen uns sehr \u00fcber Ihr Interesse an unserem Unternehmen. Datenschutz hat einen besonders hohen Stellenwert f\u00fcr die Gesch\u00e4ftsleitung der Gallehr Sustainable Risk Management GmbH. Eine Nutzung der Internetseiten der Gallehr Sustainable Risk Management GmbH ist grunds\u00e4tzlich ohne jede Angabe personenbezogener Daten m\u00f6glich. Sofern eine betroffene Person besondere Services unseres Unternehmens \u00fcber unsere Internetseite in Anspruch nehmen m\u00f6chte, k\u00f6nnte jedoch eine Verarbeitung personenbezogener Daten erforderlich werden. Ist die Verarbeitung personenbezogener Daten erforderlich und besteht f\u00fcr eine solche Verarbeitung keine gesetzliche Grundlage, holen wir generell eine Einwilligung der betroffenen Person ein.<\/p>\n<p>Die Verarbeitung personenbezogener Daten, beispielsweise des Namens, der Anschrift, E-Mail-Adresse oder Telefonnummer einer betroffenen Person, erfolgt stets im Einklang mit der Datenschutz-Grundverordnung und in \u00dcbereinstimmung mit den f\u00fcr die Gallehr Sustainable Risk Management GmbH geltenden landesspezifischen Datenschutzbestimmungen. Mittels dieser Datenschutzerkl\u00e4rung m\u00f6chte unser Unternehmen die \u00d6ffentlichkeit \u00fcber Art, Umfang und Zweck der von uns erhobenen, genutzten und verarbeiteten personenbezogenen Daten informieren. Ferner werden betroffene Personen mittels dieser Datenschutzerkl\u00e4rung \u00fcber die ihnen zustehenden Rechte aufgekl\u00e4rt.<\/p>\n<p>Die Gallehr Sustainable Risk Management GmbH hat als f\u00fcr die Verarbeitung Verantwortlicher zahlreiche technische und organisatorische Ma\u00dfnahmen umgesetzt, um einen m\u00f6glichst l\u00fcckenlosen Schutz der \u00fcber diese Internetseite verarbeiteten personenbezogenen Daten sicherzustellen. Dennoch k\u00f6nnen Internetbasierte Daten\u00fcbertragungen grunds\u00e4tzlich Sicherheitsl\u00fccken aufweisen, sodass ein absoluter Schutz nicht gew\u00e4hrleistet werden kann. Aus diesem Grund steht es jeder betroffenen Person frei, personenbezogene Daten auch auf alternativen Wegen, beispielsweise telefonisch, an uns zu \u00fcbermitteln.<\/p>\n<h1>Datenschutzerkl\u00e4rung<\/h1>\n<h2 class=\"western\">Verantwortlicher<\/h2>\n<p>Verantwortlicher im Sinne des Art. 4 Nr. 7 EU Datenschutz-Grundverordnung (DSGVO) und anderer anwendbarer Datenschutzgesetze ist:<\/p>\n<p><strong>Gallehr Sustainable Risk Management GmbH (nachfolgend \u201ewir\/uns\u201d)<\/strong><br \/>\n<strong>Hauptstra\u00dfe 43<\/strong><br \/>\n<strong>61184 Karben<\/strong><br \/>\n<strong>Deutschland<\/strong><\/p>\n<p><strong>Tel.: +49 (0)6039 9263686<\/strong><br \/>\n<strong>E-Mail: kontakt@gallehr.de<\/strong><br \/>\n<strong>Website: www.gallehr.de<\/strong><\/p>\n<h2 class=\"western\">Erfassung von allgemeinen Daten und Informationen in den Logfiles<\/h2>\n<p>Bei jedem Aufruf unserer Website werden von unserem System automatisiert folgende Daten und Informationen von Ihrem Endger\u00e4t erhoben:<\/p>\n<ul>\n<li>Ihre IP-Adresse<\/li>\n<li>Referrer (zuvor besuchte Website)<\/li>\n<li>angeforderte Websiteverwendeten Browsertypen und Versionen,<\/li>\n<li>das vom zugreifenden System verwendete Betriebssystem,<\/li>\n<li>die Internetseite, von welcher ein zugreifendes System auf unsere Internetseite gelangt (sogenannte Referrer),<\/li>\n<li>die Unterwebseiten, welche \u00fcber ein zugreifendes System auf unserer Internetseite angesteuert werden,<\/li>\n<li>das Datum und die Uhrzeit eines Zugriffs auf die Internetseite,<\/li>\n<li>eine Internet-Protokoll-Adresse (IP-Adresse),<\/li>\n<li>der Internet-Service-Provider des zugreifenden Systems<\/li>\n<\/ul>\n<p>Diese Daten werden in den Logfiles unseres Systems gespeichert. Eine Speicherung dieser Daten zusammen mit Ihren personenbezogenen Daten findet nicht statt.<\/p>\n<p>Die vor\u00fcbergehende Speicherung Ihrer IP-Adresse durch unser System ist notwendig, um eine Auslieferung der Website auf Ihr Endger\u00e4t zu erm\u00f6glichen. Hierf\u00fcr muss Ihre IP-Adresse f\u00fcr die Dauer der Sitzung gespeichert werden. Danach wird diese anonymisiert.<\/p>\n<p>Die Speicherung der \u00fcbrigen Daten in den Logfiles erfolgt, um die Funktionsf\u00e4higkeit unserer Website sicherzustellen. Zudem dienen uns die Daten zur Optimierung der Website und zur Gew\u00e4hrleistung der Sicherheit unserer IT-Systeme.<\/p>\n<p>Rechtsgrundlage f\u00fcr die Verarbeitung der Daten in den Logfiles sind Art. 6 Abs. 1 lit. f DSGVO sowie \u00a7 25 Abs. 2 Telekommunikation-Digitale-Dienste-Datenschutz-Gesetz (TDDDG).<\/p>\n<p>Die L\u00f6schung der Daten in Logfiles erfolgt nach nach der Session.<\/p>\n<h2 class=\"western\">Cookies und andere Technologien<\/h2>\n<h3 class=\"western\">Matomo<\/h3>\n<p>Zur statistischen Auswertung setzen wir auf unserer Website &#8222;Matomo&#8220; ein. Matomo ist ein Open-Source-Tool zur Web-Analyse. Mit Matomo werden keine Daten an Server \u00fcbermittelt, die au\u00dferhalb unserer Kontrolle liegen. Matomo ist deaktiviert, wenn Sie unsere Webseite besuchen. Erst wenn Sie aktiv einwilligen, wird Ihr Nutzungsverhalten anonymisiert erfasst.<\/p>\n<p>Matomo verwendet sog. Cookies. Das sind Textdateien, die auf Ihrem Computer gespeichert werden und es uns m\u00f6glich machen, die Benutzung unsere Website zu analysieren. Dazu werden die durch den Cookie gewonnenen Informationen \u00fcber die Nutzung an unsere Server \u00fcbertragen und gespeichert, damit das Nutzungsverhalten ausgewertet werden kann. Ihre IP-Adresse wird umgehend anonymisiert; damit bleiben Sie als Nutzer anonym. Die durch den Cookie erzeugten Informationen \u00fcber Ihre Benutzung unserer Website werden nicht an Dritte weitergegeben.<\/p>\n<p>Wir verwenden Matomo nur, wenn Sie bei Aufruf der Website Ihre Einwilligung (Art. 6 Abs. 1 lit. a DSGVO) \u00fcber unseren Consent Manager bzw. \u201eCookie-Banner\u201c erteilen. Sie k\u00f6nnen Ihre Cookie-Einstellungen jederzeit \u00e4ndern.<\/p>\n<h2 class=\"western\">Einbettung von Videos \u00fcber Vimeo<\/h2>\n<p>Wir haben auf unsere Website Videos \u00fcber Vimeo eingebettet. Vimeo ist eine Videoplattform, die das Streamen von Videos hoher Aufl\u00f6sung erm\u00f6glicht. Betrieben wird das Videoportal durch Vimeo.com Inc., 555 West 18th Street, New York, New York 10011, USA.<\/p>\n<p>Bei der Einbindung der Videos verwenden wir die sog. Zwei-Klick-L\u00f6sung. Das bedeutet, dass Sie erst der Nutzung der Inhalte und der Verarbeitung durch Vimeo zustimmen m\u00fcssen, bevor das Video wiedergegeben wird.<\/p>\n<p>Wenn Sie dann ein Vimeo-Video abspielen, verbindet sich Ihr Browser mit den Servern von Vimeo. Dabei werden Daten auf den Vimeo-Servern gesammelt, gespeichert und verarbeitet, wobei dies unabh\u00e4ngig davon erfolgt, ob Sie ein Vimeo-Konto besitzen oder nicht. Zu diesen Daten z\u00e4hlen<\/p>\n<ul>\n<li>Ihre IP-Adresse,<\/li>\n<li>technische Informationen \u00fcber Ihren Browsertyp,<\/li>\n<li>Ihr Betriebssystem oder ganz grundlegende Ger\u00e4teinformationen,<\/li>\n<li>\u00fcber welche Website Sie den Vimeo-Dienst nutzen,<\/li>\n<li>welche Handlungen (Webaktivit\u00e4ten) Sie auf unserer Website ausf\u00fchren.<\/li>\n<\/ul>\n<p>Zu diesen Webaktivit\u00e4ten z\u00e4hlen beispielsweise<\/p>\n<ul>\n<li>Sitzungsdauer,<\/li>\n<li>Absprungrate,<\/li>\n<li>auf welchen Button Sie auf unserer Website mit eingebauter Vimeo-Funktion geklickt haben.<\/li>\n<\/ul>\n<p>Diese Handlungen kann Vimeo mit Hilfe von Cookies und \u00e4hnlichen Technologien verfolgen und speichern. Als registriertes und eingeloggtes Vimeo-Mitglied k\u00f6nnen zus\u00e4tzliche Daten erhoben und Ihre Handlungen auf unserer Website direkt mit Ihrem Vimeo-Account verkn\u00fcpft werden. Um dies zu verhindern m\u00fcssen Sie sich w\u00e4hrend des \u201cSurfens\u201d auf unserer Website von Vimeo ausloggen. Eine Speicherung auf Vimeo erfolgt grunds\u00e4tzlich so lange, wie Vimeo einen wirtschaftlichen Grund f\u00fcr die Speicherung hat. Anschlie\u00dfend werden die Daten gel\u00f6scht oder anonymisiert.<\/p>\n<p>Rechtsgrundlage f\u00fcr die \u00dcbermittlung Ihrer Daten an Vimeo ist Ihre Einwilligung gem. \u00a7 25 Abs. 1 TDDDG, Art. 6 Abs. 1 S. 1 lit. a DSGVO.<\/p>\n<p>Sie k\u00f6nnen Ihre Einwilligung jederzeit mit Wirkung f\u00fcr die Zukunft widerrufen. Dar\u00fcber hinaus haben Sie immer die M\u00f6glichkeit, Cookies in Ihrem Browser nach Ihren W\u00fcnschen zu verwalten. Die Sammlung und Speicherung Ihrer Daten und das Setzen von Vimeo-Cookies k\u00f6nnen Sie in Ihren Browser-Einstellungen \u00e4ndern und Cookies jederzeit l\u00f6schen oder deaktivieren. Bitte beachten Sie, dass m\u00f6glicherweise nach dem Deaktivieren\/L\u00f6schen von Cookies diverse Funktionen nicht mehr im vollen Ausma\u00df zur Verf\u00fcgung stehen. Falls Sie ein registriertes Vimeo-Mitglied sind, k\u00f6nnen Sie auch in den Einstellungen bei Vimeo die verwendeten Cookies verwalten.<\/p>\n<p>Mehr \u00fcber den Einsatz von Cookies bei Vimeo erfahren Sie auf https:\/\/vimeo.com\/cookie_policy, Informationen zum Datenschutz bei Vimeo k\u00f6nnen Sie auf https:\/\/vimeo.com\/privacy nachlesen.<\/p>\n<h2 class=\"western\">Abonnement unseres Newsletters und Analyse<\/h2>\n<p>Wenn Sie den auf der Website angebotenen Newsletter beziehen m\u00f6chten, ben\u00f6tigen wir von Ihnen eine E-Mail-Adresse sowie Ihren Vornamen, Namen und Ihre Firma. Weitere Daten werden nicht bzw. nur auf freiwilliger Basis erhoben.<\/p>\n<p>Die von Ihnen im Rahmen der Anmeldung angegebene E-Mail-Adresse werden wir sodann durch \u00dcbersendung einer gesonderten Email im Rahmen des sog. Double-Opt-In-Verfahrens dahingehend \u00fcberpr\u00fcfen, ob Sie tats\u00e4chlich der Inhaber der angegebenen E-Mail-Adresse sind. Falls ein Dritter Ihre E-Mail-Adresse missbraucht und Ihre Daten ohne Ihr Wissen im Rahmen der Anmeldung zu dem Newsletter verwendet, werden wir diese Daten innerhalb von f\u00fcnf Werktagen l\u00f6schen.<\/p>\n<p>Beim Versand der Newsletter verwenden wir das Newsletter Plugin f\u00fcr WordPress von Web Agile S.a.s. di Fietta Roberto &#8211; P.I. 03809490240, Italien.<\/p>\n<p>Mit Hilfe des Plugins k\u00f6nnen wir unsere Newsletterkampagnen analysieren. Wenn Sie eine mit dem Plugin versandte E-Mail \u00f6ffnen, verbindet sich eine in der E-Mail enthaltene Datei (sog. web-beacon) mit den Servern von Web Agile. Auf diese Weise kann festgestellt werden, ob eine Newsletter-Nachricht ge\u00f6ffnet und welche Links ggf. angeklickt wurden. Au\u00dferdem werden technische Informationen erfasst (z.B. Zeitpunkt des Abrufs, IP-Adresse, Browsertyp und Betriebssystem). Diese Informationen k\u00f6nnen nicht dem jeweiligen Newsletter-Empf\u00e4nger zugeordnet werden. Sie dienen ausschlie\u00dflich der statistischen Analyse von Newsletterkampagnen. Die Ergebnisse dieser Analysen k\u00f6nnen wir nutzen, um k\u00fcnftige Newsletter besser an die Interessen der Empf\u00e4nger anzupassen.<\/p>\n<p>Wenn Sie keine Analyse durch unseren Newsletter wollen, m\u00fcssen Sie den Newsletter abbestellen. Hierf\u00fcr stellen wir in jeder Newsletternachricht einen entsprechenden Link zur Verf\u00fcgung.<\/p>\n<p>Die Datenverarbeitung erfolgt auf Grundlage Ihrer Einwilligung (Art. 6 Abs. 1 lit. a DSGVO). Sie k\u00f6nnen diese Einwilligung jederzeit widerrufen, indem Sie den Newsletter abbestellen. Die Rechtm\u00e4\u00dfigkeit der bereits erfolgten Datenverarbeitungsvorg\u00e4nge bleibt vom Widerruf unber\u00fchrt.<\/p>\n<p>Weitere Informationen entnehmen Sie den Datenschutzbestimmungen des Plugins:<\/p>\n<p><span style=\"color: #0000ff;\"><u><a href=\"https:\/\/www.thenewsletterplugin.com\/documentation\/gdpr-compliancy\">https:\/\/www.thenewsletterplugin.com\/documentation\/gdpr-compliancy<\/a><\/u><\/span><\/p>\n<p>Die von Ihnen zum Zwecke des Newsletter-Bezugs bei uns hinterlegten Daten werden von uns bis zu Ihrer Austragung aus dem Newsletter gespeichert und nach der Abbestellung des Newsletters von unserem Server gel\u00f6scht. Daten, die zu anderen Zwecken bei uns gespeichert wurden (z.B. E-Mail-Adressen von Vertragskunden) bleiben hiervon unber\u00fchrt.<\/p>\n<h2 class=\"western\">Kontaktm\u00f6glichkeit<\/h2>\n<p>Sofern Sie per E-Mail oder \u00fcber ein Kontaktformular mit uns Kontakt aufnehmen, werden die von Ihnen \u00fcbermittelten personenbezogenen Daten automatisch von uns gespeichert. Solche auf freiwilliger Basis von Ihnen \u00fcbermittelten personenbezogenen Daten werden f\u00fcr die Zwecke der Bearbeitung oder der Kontaktaufnahme gespeichert. Es erfolgt keine Weitergabe dieser personenbezogenen Daten an Dritte. Rechtsgrundlage f\u00fcr diese Verarbeitung ist unser berechtigten Interesse gem. Art. 6 Abs. 1 lit. f DSGVO an der Bearbeitung Ihrer Anfrage. Wir l\u00f6schen Ihre Daten sobald das Anliegen erledigt ist und nicht mit Weiterungen zu rechnen ist.<\/p>\n<h2 class=\"western\">Datenschutz bei Initiativ-Bewerbungen per E-Mail<\/h2>\n<p>Wir verarbeiten zudem die personenbezogenen Daten aus Ihren Bewerbungsunterlagen, sofern Sie uns solche auf dem elektronischen Wege, beispielsweise per E-Mail, zukommen lassen. Sofern wir mit Ihnen nach Abschluss des Bewerbungsverfahrens einen Anstellungsvertrag schlie\u00dfen, werden die \u00fcbermittelten Daten zum Zwecke der Abwicklung des Besch\u00e4ftigungsverh\u00e4ltnisses unter Beachtung der gesetzlichen Vorschriften gespeichert. Sollte kein Anstellungsvertrag geschlossen werden, so werden wir die Bewerbungsunterlagen sp\u00e4testens sechs Monate nach Bekanntgabe der Absageentscheidung l\u00f6schen.<\/p>\n<h2 class=\"western\">Ihre Rechte<\/h2>\n<p>Sie haben gegen\u00fcber uns folgende Rechte hinsichtlich der Sie betreffenden personenbezogenen Daten:<\/p>\n<h3 class=\"western\">Recht auf Auskunft<\/h3>\n<p>Sie haben das Recht Auskunft zu verlangen zu Kategorien der verarbeiteten Daten, Verarbeitungszwecken, etwaigen Empf\u00e4ngern der Daten, der geplanten Speicherdauer (Art. 15 DSGVO);<\/p>\n<h3 class=\"western\">Recht auf Berichtigung,<\/h3>\n<p>Sie haben das Recht die Berichtigung bzw. Erg\u00e4nzung unrichtiger bzw. unvollst\u00e4ndiger Daten zu verlangen (Art. 16 DSGVO);<\/p>\n<h3 class=\"western\">Recht auf L\u00f6schung<\/h3>\n<p>Sie haben das Recht in bestimmten F\u00e4llen im Rahmen des Art. 17 DSGVO die L\u00f6schung von Daten zu verlangen \u2013 insbesondere, wenn die Daten f\u00fcr den vorgesehenen Zweck nicht mehr erforderlich sind bzw. unrechtm\u00e4\u00dfig verarbeitet werden, oder Sie Ihre Einwilligung widerrufen oder einen Widerspruch erkl\u00e4rt haben;<\/p>\n<h3 class=\"western\">Recht auf Einschr\u00e4nkung der Verarbeitung<\/h3>\n<p>Sie haben das Recht unter bestimmten Voraussetzungen die Einschr\u00e4nkung von Daten zu verlangen, soweit eine L\u00f6schung nicht m\u00f6glich bzw. die L\u00f6schpflicht streitig ist (Art. 18 DSGVO);<\/p>\n<h3 class=\"western\">Recht auf Widerruf<\/h3>\n<p>Sie haben das Recht eine erteilte Einwilligung jederzeit mit Wirkung f\u00fcr die Zukunft zu widerrufen (Art. 7 Abs. 3 DSGVO);<\/p>\n<h3 class=\"western\">Recht auf Widerspruch gegen die Verarbeitung<\/h3>\n<p>Sie haben das Recht einer Datenverarbeitung, die aufgrund eines berechtigten Interesses erfolgen soll, aus Gr\u00fcnden zu widersprechen, die sich aus Ihrer besonderen Situation ergeben. Daneben k\u00f6nnen Sie der Verarbeitung Ihrer personenbezogenen Daten f\u00fcr Zwecke der Werbung und Datenanalyse jederzeit, ohne Begr\u00fcndung, widersprechen (Art. 21 Abs. 1 DSGVO).<\/p>\n<h3 class=\"western\">Recht auf Daten\u00fcbertragbarkeit<\/h3>\n<p>Sie haben das Recht auf Daten\u00fcbertragbarkeit, d.h. Sie k\u00f6nnen Ihre Daten, die Sie uns bereitgestellt haben, in einem g\u00e4ngigen maschinenlesbaren Format, wie z.B. CSV erhalten und ggf. an andere \u00fcbermitteln (Art. 20 DSGVO).<\/p>\n<h3 class=\"western\">Recht auf Beschwerde<\/h3>\n<p>Wenn Sie der Ansicht sind, dass die Verarbeitung Ihrer Daten gegen das Datenschutzrecht verst\u00f6\u00dft oder Ihre datenschutzrechtlichen Anspr\u00fcche sonst in einer Weise verletzt worden sind, k\u00f6nnen Sie sich auch bei einer Datenschutz-Aufsichtsbeh\u00f6rde beschweren, etwa bei dem f\u00fcr uns zust\u00e4ndigen<\/p>\n<p>Hessischen Beauftragten f\u00fcr Datenschutz und Informationsfreiheit<br \/>\nGustav-Stresemann-Ring 1<br \/>\n65189 Wiesbaden<br \/>\nTelefon: 0611-1408 0<br \/>\nE-Mail: <span style=\"color: #0000ff;\"><u><a href=\"mailto:poststelle@datenschutz.hessen.de\">poststelle@datenschutz.hessen.de<\/a><\/u><\/span><\/p>\n","protected":false},"excerpt":{"rendered":"<p>Haftungshinweis GALLEHR+PARTNER\u00ae ist eine in Deutschland eingetragene Marke von Sebastian Gallehr und bezieht sich auf die Leistungen des Unternehmernetzwerks, dem [&hellip;]<\/p>\n","protected":false},"author":6,"featured_media":0,"parent":0,"menu_order":0,"comment_status":"closed","ping_status":"closed","template":"","meta":{"footnotes":""},"class_list":["post-84117","page","type-page","status-publish","hentry"],"_links":{"self":[{"href":"https:\/\/gallehr.flei.dev\/de\/wp-json\/wp\/v2\/pages\/84117","targetHints":{"allow":["GET"]}}],"collection":[{"href":"https:\/\/gallehr.flei.dev\/de\/wp-json\/wp\/v2\/pages"}],"about":[{"href":"https:\/\/gallehr.flei.dev\/de\/wp-json\/wp\/v2\/types\/page"}],"author":[{"embeddable":true,"href":"https:\/\/gallehr.flei.dev\/de\/wp-json\/wp\/v2\/users\/6"}],"replies":[{"embeddable":true,"href":"https:\/\/gallehr.flei.dev\/de\/wp-json\/wp\/v2\/comments?post=84117"}],"version-history":[{"count":0,"href":"https:\/\/gallehr.flei.dev\/de\/wp-json\/wp\/v2\/pages\/84117\/revisions"}],"wp:attachment":[{"href":"https:\/\/gallehr.flei.dev\/de\/wp-json\/wp\/v2\/media?parent=84117"}],"curies":[{"name":"wp","href":"https:\/\/api.w.org\/{rel}","templated":true}]}}