{"id":84124,"date":"2021-03-17T12:51:21","date_gmt":"2021-03-17T11:51:21","guid":{"rendered":"https:\/\/gallehr.deetag.de\/?page_id=84124"},"modified":"2025-05-09T09:29:27","modified_gmt":"2025-05-09T07:29:27","slug":"verpflichtender-emissionshandel-eu-und-de","status":"publish","type":"page","link":"https:\/\/gallehr.flei.dev\/de\/leistungen\/verpflichtender-emissionshandel-eu-und-de\/","title":{"rendered":"Verpflichtender Emissionshandel EU-ETS &#038; nEHS"},"content":{"rendered":"<div class=\"wpb-content-wrapper\"><p>[vc_row unlock_row_content=&#8220;yes&#8220; row_height_percent=&#8220;0&#8243; override_padding=&#8220;yes&#8220; h_padding=&#8220;2&#8243; top_padding=&#8220;3&#8243; bottom_padding=&#8220;3&#8243; back_color=&#8220;color-202836&#8243; overlay_alpha=&#8220;50&#8243; gutter_size=&#8220;4&#8243; column_width_use_pixel=&#8220;yes&#8220; shift_y=&#8220;0&#8243; z_index=&#8220;0&#8243; column_width_pixel=&#8220;1600&#8243;][vc_column column_width_percent=&#8220;100&#8243; position_vertical=&#8220;middle&#8220; gutter_size=&#8220;3&#8243; overlay_alpha=&#8220;50&#8243; shift_x=&#8220;0&#8243; shift_y=&#8220;0&#8243; shift_y_down=&#8220;0&#8243; z_index=&#8220;0&#8243; medium_width=&#8220;0&#8243; mobile_width=&#8220;0&#8243; css_animation=&#8220;left-t-right&#8220; animation_delay=&#8220;200&#8243; width=&#8220;1\/2&#8243;][vc_custom_heading heading_semantic=&#8220;h3&#8243; text_size=&#8220;h1&#8243;]Verpflichtender Emissionshandel[\/vc_custom_heading][vc_column_text uncode_shortcode_id=&#8220;515446&#8243;]Wir sind Ihr kompetenter Lotse in Fragen rund um den europ\u00e4ischen (TEHG, EU ETS 1 und 2) und nationalen (BEHG, nEHS) CO<sub>2<\/sub>-Emissionshandel.<\/p>\n<p>Der europ\u00e4ische CO<sub>2<\/sub>-Emissionshandel l\u00e4uft seit 2005. Seit Beginn der Vorbereitungen im Jahr 2004 hilft GALLEHR+PARTNER<sup>\u00ae<\/sup> deutschen und internationalen Unternehmen, sich erfolgreich den Herausforderungen des europ\u00e4ischen Emissionshandels zu stellen und hat sich als ein f\u00fchrender Dienstleistungs-Anbieter auf diesem Gebiet etabliert. Bis heute haben viele Dutzend Anlagenbetreiber in Zusammenarbeit mit den Experten von GALLEHR+PARTNER<sup>\u00ae<\/sup> optimal die wirtschaftlichen Herausforderungen des Emissionshandels gemeistert oder lassen sich von uns mittels unserer 360\u00b0 CO<sub>2<\/sub>-Dienstleistung kontinuierlich betreuen. Auch beim nationalen Emissionshandel unterst\u00fctzt GALLEHR+PARTNER<sup>\u00ae<\/sup> Unternehmen sich erfolgreich den regulatorischen Herausforderungen zu stellen.[\/vc_column_text][\/vc_column][vc_column column_width_percent=&#8220;100&#8243; gutter_size=&#8220;3&#8243; overlay_alpha=&#8220;50&#8243; shift_x=&#8220;0&#8243; shift_y=&#8220;0&#8243; shift_y_down=&#8220;0&#8243; z_index=&#8220;0&#8243; medium_width=&#8220;0&#8243; mobile_width=&#8220;0&#8243; width=&#8220;1\/2&#8243;][vc_single_image media=&#8220;84524&#8243; media_width_percent=&#8220;55&#8243; alignment=&#8220;right&#8220; css_animation=&#8220;right-t-left&#8220; animation_delay=&#8220;200&#8243;][\/vc_column][\/vc_row][vc_row unlock_row_content=&#8220;yes&#8220; row_height_percent=&#8220;0&#8243; override_padding=&#8220;yes&#8220; h_padding=&#8220;2&#8243; top_padding=&#8220;3&#8243; bottom_padding=&#8220;3&#8243; back_color=&#8220;color-xsdn&#8220; overlay_alpha=&#8220;50&#8243; gutter_size=&#8220;4&#8243; column_width_use_pixel=&#8220;yes&#8220; shift_y=&#8220;0&#8243; z_index=&#8220;0&#8243; inverted_device_order=&#8220;yes&#8220; column_width_pixel=&#8220;1600&#8243;][vc_column width=&#8220;1\/2&#8243;][vc_single_image media=&#8220;84526&#8243; media_width_percent=&#8220;55&#8243; css_animation=&#8220;left-t-right&#8220; animation_delay=&#8220;200&#8243;][\/vc_column][vc_column column_width_percent=&#8220;100&#8243; position_vertical=&#8220;middle&#8220; gutter_size=&#8220;3&#8243; overlay_alpha=&#8220;50&#8243; shift_x=&#8220;0&#8243; shift_y=&#8220;0&#8243; shift_y_down=&#8220;0&#8243; z_index=&#8220;0&#8243; medium_width=&#8220;0&#8243; mobile_width=&#8220;0&#8243; css_animation=&#8220;right-t-left&#8220; animation_delay=&#8220;200&#8243; width=&#8220;1\/2&#8243;][vc_custom_heading heading_semantic=&#8220;h3&#8243; text_size=&#8220;h3&#8243;]Unsere Emissionshandels-Dienstleistungen umfassen hierbei -soweit uns aufgrund rechtlicher Bestimmungen gestattet- insbesondere:[\/vc_custom_heading][vc_column_text uncode_shortcode_id=&#8220;139898&#8243;]<\/p>\n<ul>\n<li>Strategische Beratung und Optimierung<\/li>\n<li>1\u00b0 bis 360\u00b0 Unterst\u00fctzung<\/li>\n<li>Erstellung von Zuteilungsantr\u00e4gen, \u00dcberwachungspl\u00e4nen, Methodenpl\u00e4nen, Emissionsberichten, Zuteilungsdatenberichten, Verbesserungsbericht und Beantragung von Beihilfen zur Vermeidung von Carbon-Leakage (BEHG)<\/li>\n<li>Vermeidung von Doppelbelastungen und Wechsel zwischen TEHG\/BEHG<\/li>\n<li>BEHG Betroffenheits-Checks, Management, Optimierung und Prozessimplementierung<\/li>\n<li>Weitere Dienst- und Hilfeleistungen (VPS\/DEHSt-Plattform Backup, Kontoer\u00f6ffnungs- und Kontof\u00fchrungssupport, Unterst\u00fctzung beim Handel etc.)<\/li>\n<\/ul>\n<p>[\/vc_column_text][\/vc_column][\/vc_row][vc_row unlock_row_content=&#8220;yes&#8220; row_height_percent=&#8220;0&#8243; override_padding=&#8220;yes&#8220; h_padding=&#8220;2&#8243; top_padding=&#8220;3&#8243; bottom_padding=&#8220;3&#8243; back_color=&#8220;color-104814&#8243; overlay_alpha=&#8220;50&#8243; gutter_size=&#8220;4&#8243; column_width_use_pixel=&#8220;yes&#8220; shift_y=&#8220;0&#8243; z_index=&#8220;0&#8243; content_parallax=&#8220;0&#8243; column_width_pixel=&#8220;1600&#8243; uncode_shortcode_id=&#8220;182355&#8243; back_color_type=&#8220;uncode-palette&#8220;][vc_column column_width_percent=&#8220;100&#8243; align_horizontal=&#8220;align_center&#8220; gutter_size=&#8220;3&#8243; overlay_alpha=&#8220;50&#8243; shift_x=&#8220;0&#8243; shift_y=&#8220;0&#8243; shift_y_down=&#8220;0&#8243; z_index=&#8220;0&#8243; medium_width=&#8220;0&#8243; mobile_width=&#8220;0&#8243; width=&#8220;1\/1&#8243;][vc_column_text uncode_shortcode_id=&#8220;287551&#8243;]<\/p>\n<h3><span style=\"color: #b11116;\">Aktuellste Nachrichten im Bereich Emissionshandel<\/span><\/h3>\n<p>[\/vc_column_text][uncode_index el_id=&#8220;index-1179619133&#8243; isotope_mode=&#8220;fitRows&#8220; loop=&#8220;size:3|order_by:date|order:DESC|post_type:post|categories:837|taxonomy_count:10&#8243; screen_lg=&#8220;1100&#8243; screen_md=&#8220;960&#8243; screen_sm=&#8220;480&#8243; gutter_size=&#8220;3&#8243; post_items=&#8220;media|featured|onpost|poster,icon|md,date,title,author|sm_size|hide_qualification,category|nobg|relative|display-icon&#8220; page_items=&#8220;title,media,text,category&#8220; product_items=&#8220;title,media,text,category,price&#8220; portfolio_items=&#8220;title,media,text,category&#8220; footer_back_color=&#8220;color-202836&#8243; images_size=&#8220;three-two&#8220; single_back_color=&#8220;color-xsdn&#8220; single_shape=&#8220;round&#8220; radius=&#8220;xs&#8220; single_overlay_opacity=&#8220;50&#8243; single_padding=&#8220;2&#8243; single_title_dimension=&#8220;h5&#8243; single_shadow=&#8220;yes&#8220; shadow_weight=&#8220;sm&#8220; single_css_animation=&#8220;zoom-in&#8220; single_half_padding=&#8220;&#8220; single_title_uppercase=&#8220;&#8220; single_title_bold=&#8220;yes&#8220; single_title_serif=&#8220;&#8220; single_title_divider=&#8220;&#8220; single_no_background=&#8220;&#8220; footer_position=&#8220;left&#8220; carousel_rtl=&#8220;&#8220; uncode_shortcode_id=&#8220;503214&#8243; footer_back_color_type=&#8220;uncode-palette&#8220;][\/vc_column][\/vc_row][vc_row unlock_row_content=&#8220;yes&#8220; row_height_percent=&#8220;0&#8243; override_padding=&#8220;yes&#8220; h_padding=&#8220;2&#8243; top_padding=&#8220;3&#8243; bottom_padding=&#8220;3&#8243; back_color=&#8220;color-xsdn&#8220; overlay_alpha=&#8220;50&#8243; gutter_size=&#8220;4&#8243; column_width_use_pixel=&#8220;yes&#8220; shift_y=&#8220;0&#8243; z_index=&#8220;0&#8243; content_parallax=&#8220;0&#8243; column_width_pixel=&#8220;1600&#8243; uncode_shortcode_id=&#8220;210741&#8243; back_color_type=&#8220;uncode-palette&#8220;][vc_column column_width_percent=&#8220;100&#8243; position_vertical=&#8220;middle&#8220; gutter_size=&#8220;3&#8243; overlay_alpha=&#8220;50&#8243; shift_x=&#8220;0&#8243; shift_y=&#8220;0&#8243; shift_y_down=&#8220;0&#8243; z_index=&#8220;0&#8243; medium_width=&#8220;0&#8243; mobile_width=&#8220;0&#8243; css_animation=&#8220;left-t-right&#8220; animation_delay=&#8220;200&#8243; width=&#8220;1\/2&#8243;][vc_column_text uncode_shortcode_id=&#8220;731528&#8243;]F\u00fcr Rechtsdienstleistungen und\/oder Steuerberatung, deren Erbringung gem\u00e4\u00df rechtlichen Bestimmungen Rechtsanw\u00e4lten und\/oder Steuerberatern vorbehalten ist kooperieren wir z.B. mit verschiedenen im Energie- und Umweltbereich renommierten Anwaltskanzleien wie <a href=\"https:\/\/www.kk-rae.de\/dr-markus-ehrmann\">K\u00f6chling &amp; Krahnefeld Rechtsanw\u00e4lte<\/a>, <a href=\"https:\/\/ritter-gent.de\/\" target=\"_blank\" rel=\"noopener\">Ritter, Gent &amp; Collegen<\/a> und <a href=\"https:\/\/www.hoffmannliebs.de\/\" target=\"_blank\" rel=\"noopener\">Hoffmann Liebs<\/a> , welche ihre diesbez\u00fcglichen Fragestellungen kompetent direkt bearbeiten.[\/vc_column_text][\/vc_column][vc_column column_width_percent=&#8220;100&#8243; gutter_size=&#8220;3&#8243; overlay_alpha=&#8220;50&#8243; shift_x=&#8220;0&#8243; shift_y=&#8220;0&#8243; shift_y_down=&#8220;0&#8243; z_index=&#8220;0&#8243; medium_width=&#8220;0&#8243; mobile_width=&#8220;0&#8243; width=&#8220;1\/2&#8243;][vc_single_image media=&#8220;84522&#8243; media_width_percent=&#8220;40&#8243; alignment=&#8220;right&#8220; css_animation=&#8220;right-t-left&#8220; animation_delay=&#8220;200&#8243; uncode_shortcode_id=&#8220;116652&#8243;][\/vc_column][\/vc_row][vc_row unlock_row_content=&#8220;yes&#8220; row_height_percent=&#8220;0&#8243; override_padding=&#8220;yes&#8220; h_padding=&#8220;2&#8243; top_padding=&#8220;3&#8243; bottom_padding=&#8220;3&#8243; back_color=&#8220;color-202836&#8243; overlay_alpha=&#8220;50&#8243; gutter_size=&#8220;4&#8243; column_width_use_pixel=&#8220;yes&#8220; shift_y=&#8220;0&#8243; z_index=&#8220;0&#8243; content_parallax=&#8220;0&#8243; column_width_pixel=&#8220;1600&#8243; uncode_shortcode_id=&#8220;158895&#8243; back_color_type=&#8220;uncode-palette&#8220;][vc_column column_width_percent=&#8220;100&#8243; align_horizontal=&#8220;align_center&#8220; gutter_size=&#8220;3&#8243; overlay_alpha=&#8220;50&#8243; shift_x=&#8220;0&#8243; shift_y=&#8220;0&#8243; shift_y_down=&#8220;0&#8243; z_index=&#8220;0&#8243; medium_width=&#8220;0&#8243; mobile_width=&#8220;0&#8243; width=&#8220;1\/1&#8243;][vc_row_inner limit_content=&#8220;&#8220;][vc_column_inner width=&#8220;1\/1&#8243;][vc_custom_heading heading_semantic=&#8220;h3&#8243; text_size=&#8220;h1&#8243; uncode_shortcode_id=&#8220;135914&#8243;]<\/p>\n<h2>Kontaktm\u00f6glichkeit<a id=\"kontakt\"><\/a><\/h2>\n<h3><span style=\"color: #b01419;\">Gerne stehen wir Ihnen zur Verf\u00fcgung!<br \/>\n<\/span><\/h3>\n<p>[\/vc_custom_heading]\n<div class=\"wpcf7 no-js\" id=\"wpcf7-f21-o1\" lang=\"en-US\" dir=\"ltr\" data-wpcf7-id=\"21\">\n<div class=\"screen-reader-response\"><p role=\"status\" aria-live=\"polite\" aria-atomic=\"true\"><\/p> <ul><\/ul><\/div>\n<form action=\"\/de\/wp-json\/wp\/v2\/pages\/84124#wpcf7-f21-o1\" method=\"post\" class=\"wpcf7-form init\" aria-label=\"Contact form\" novalidate=\"novalidate\" data-status=\"init\">\n<fieldset class=\"hidden-fields-container\"><input type=\"hidden\" name=\"_wpcf7\" value=\"21\" \/><input type=\"hidden\" name=\"_wpcf7_version\" value=\"6.1.5\" \/><input type=\"hidden\" name=\"_wpcf7_locale\" value=\"en_US\" \/><input type=\"hidden\" name=\"_wpcf7_unit_tag\" value=\"wpcf7-f21-o1\" \/><input type=\"hidden\" name=\"_wpcf7_container_post\" value=\"0\" \/><input type=\"hidden\" name=\"_wpcf7_posted_data_hash\" value=\"\" \/><input type=\"hidden\" name=\"nlang\" value=\"de\" \/>\n<\/fieldset>\n<div class=\"wpcf7-inline-wrapper\">\n\t<p class=\"wpcf7-inline-field\"><span class=\"wpcf7-form-control-wrap\" data-name=\"vorname\"><input size=\"40\" maxlength=\"400\" class=\"wpcf7-form-control wpcf7-text wpcf7-validates-as-required\" aria-required=\"true\" aria-invalid=\"false\" placeholder=\"Vorname\" value=\"\" type=\"text\" name=\"vorname\" \/><\/span>\n\t<\/p>\n\t<p class=\"wpcf7-inline-field\"><span class=\"wpcf7-form-control-wrap\" data-name=\"nachname\"><input size=\"40\" maxlength=\"400\" class=\"wpcf7-form-control wpcf7-text wpcf7-validates-as-required\" aria-required=\"true\" aria-invalid=\"false\" placeholder=\"Nachname\" value=\"\" type=\"text\" name=\"nachname\" \/><\/span>\n\t<\/p>\n<\/div>\n<div class=\"wpcf7-inline-wrapper\">\n\t<p class=\"wpcf7-inline-field\"><span class=\"wpcf7-form-control-wrap\" data-name=\"email\"><input size=\"40\" maxlength=\"400\" class=\"wpcf7-form-control wpcf7-email wpcf7-validates-as-required wpcf7-text wpcf7-validates-as-email\" aria-required=\"true\" aria-invalid=\"false\" placeholder=\"E-Mail\" value=\"\" type=\"email\" name=\"email\" \/><\/span>\n\t<\/p>\n\t<p class=\"wpcf7-inline-field\"><span class=\"wpcf7-form-control-wrap\" data-name=\"telefon\"><input size=\"40\" maxlength=\"400\" class=\"wpcf7-form-control wpcf7-tel wpcf7-validates-as-required wpcf7-text wpcf7-validates-as-tel\" aria-required=\"true\" aria-invalid=\"false\" placeholder=\"Telefon\" value=\"\" type=\"tel\" name=\"telefon\" \/><\/span>\n\t<\/p>\n<\/div>\n<div class=\"wpcf7-inline-wrapper\">\n\t<p class=\"wpcf7-inline-field\"><span class=\"wpcf7-form-control-wrap\" data-name=\"firma\"><input size=\"40\" maxlength=\"400\" class=\"wpcf7-form-control wpcf7-text\" aria-invalid=\"false\" placeholder=\"Firma\" value=\"\" type=\"text\" name=\"firma\" \/><\/span>\n\t<\/p>\n\t<p class=\"wpcf7-inline-field\"><span class=\"wpcf7-form-control-wrap\" data-name=\"abteilung\"><input size=\"40\" maxlength=\"400\" class=\"wpcf7-form-control wpcf7-text\" aria-invalid=\"false\" placeholder=\"Abteilung (optional)\" value=\"\" type=\"text\" name=\"abteilung\" \/><\/span>\n\t<\/p>\n<\/div>\n<p><span class=\"wpcf7-form-control-wrap\" data-name=\"nachricht\"><textarea cols=\"40\" rows=\"10\" maxlength=\"2000\" class=\"wpcf7-form-control wpcf7-textarea wpcf7-validates-as-required\" aria-required=\"true\" aria-invalid=\"false\" placeholder=\"Ihre Nachricht\" name=\"nachricht\"><\/textarea><\/span>\n<\/p>\n<p><span class=\"wpcf7-form-control-wrap\" data-name=\"datenschutzerklaerung\"><span class=\"wpcf7-form-control wpcf7-acceptance\"><span class=\"wpcf7-list-item\"><label><input type=\"checkbox\" name=\"datenschutzerklaerung\" value=\"1\" aria-invalid=\"false\" \/><span class=\"wpcf7-list-item-label\">Ich bin einverstanden, dass GALLEHR+PARTNER<sup>\u00ae<\/sup> meine Daten f\u00fcr eine Kontaktaufname elektronisch speichert. Die Daten werden nicht an Dritte weitergegeben. Diese Einwilligung kann jederzeit widerrufen werden. Weitere Infos finden Sie in der <a target=\"_blank\" href=\"https:\/\/gallehr.flei.dev\/haftungshinweis-datenschutzerklaerung\/\">Datenschutzerkl\u00e4rung<\/a>.<\/span><\/label><\/span><\/span><\/span>\n<\/p>\n<p><span id=\"wpcf7-69f3070b8bb79-wrapper\" class=\"wpcf7-form-control-wrap honeypot-980-wrap\" style=\"display:none !important; visibility:hidden !important;\"><label for=\"wpcf7-69f3070b8bb79-field\" class=\"hp-message\">Please leave this field empty.<\/label><input id=\"wpcf7-69f3070b8bb79-field\"  class=\"wpcf7-form-control wpcf7-text\" type=\"text\" name=\"honeypot-980\" value=\"\" size=\"40\" tabindex=\"-1\" autocomplete=\"new-password\" \/><\/span>\n<\/p>\n<p><input class=\"wpcf7-form-control wpcf7-submit has-spinner btn btn-accent btn-outline\" type=\"submit\" value=\"Absenden\" \/>\n<\/p><div class=\"wpcf7-response-output\" aria-hidden=\"true\"><\/div>\n<\/form>\n<\/div>\n[\/vc_column_inner][\/vc_row_inner][\/vc_column][\/vc_row][vc_row unlock_row_content=&#8220;yes&#8220; row_height_percent=&#8220;0&#8243; override_padding=&#8220;yes&#8220; h_padding=&#8220;2&#8243; top_padding=&#8220;3&#8243; bottom_padding=&#8220;3&#8243; back_color=&#8220;color-xsdn&#8220; overlay_alpha=&#8220;50&#8243; gutter_size=&#8220;4&#8243; column_width_use_pixel=&#8220;yes&#8220; shift_y=&#8220;0&#8243; z_index=&#8220;0&#8243; column_width_pixel=&#8220;1600&#8243;][vc_column column_width_percent=&#8220;100&#8243; align_horizontal=&#8220;align_center&#8220; gutter_size=&#8220;3&#8243; overlay_alpha=&#8220;50&#8243; shift_x=&#8220;0&#8243; shift_y=&#8220;0&#8243; shift_y_down=&#8220;0&#8243; z_index=&#8220;0&#8243; medium_width=&#8220;0&#8243; mobile_width=&#8220;0&#8243; width=&#8220;1\/1&#8243;][vc_column_text css_animation=&#8220;top-t-bottom&#8220;]Weitere Informationen zum Thema &#8222;Verpflichtender Emissionshandel&#8220; erhalten Sie hier:[\/vc_column_text][vc_empty_space empty_h=&#8220;2&#8243;][vc_button button_color=&#8220;color-184891&#8243; outline=&#8220;yes&#8220; border_width=&#8220;0&#8243; display=&#8220;inline&#8220; css_animation=&#8220;bottom-t-top&#8220; animation_delay=&#8220;100&#8243; link=&#8220;url:https%3A%2F%2Fwww.gallehr.de%2Fnews%2F&#8220;]News &amp; Infos[\/vc_button][\/vc_column][\/vc_row]<\/p>\n<\/div>","protected":false},"excerpt":{"rendered":"<p>[vc_row unlock_row_content=&#8220;yes&#8220; row_height_percent=&#8220;0&#8243; override_padding=&#8220;yes&#8220; h_padding=&#8220;2&#8243; top_padding=&#8220;3&#8243; bottom_padding=&#8220;3&#8243; back_color=&#8220;color-202836&#8243; overlay_alpha=&#8220;50&#8243; gutter_size=&#8220;4&#8243; column_width_use_pixel=&#8220;yes&#8220; shift_y=&#8220;0&#8243; z_index=&#8220;0&#8243; column_width_pixel=&#8220;1600&#8243;][vc_column column_width_percent=&#8220;100&#8243; position_vertical=&#8220;middle&#8220; gutter_size=&#8220;3&#8243; overlay_alpha=&#8220;50&#8243; shift_x=&#8220;0&#8243; shift_y=&#8220;0&#8243; [&hellip;]<\/p>\n","protected":false},"author":6,"featured_media":0,"parent":84120,"menu_order":0,"comment_status":"closed","ping_status":"closed","template":"","meta":{"footnotes":""},"class_list":["post-84124","page","type-page","status-publish","hentry"],"_links":{"self":[{"href":"https:\/\/gallehr.flei.dev\/de\/wp-json\/wp\/v2\/pages\/84124","targetHints":{"allow":["GET"]}}],"collection":[{"href":"https:\/\/gallehr.flei.dev\/de\/wp-json\/wp\/v2\/pages"}],"about":[{"href":"https:\/\/gallehr.flei.dev\/de\/wp-json\/wp\/v2\/types\/page"}],"author":[{"embeddable":true,"href":"https:\/\/gallehr.flei.dev\/de\/wp-json\/wp\/v2\/users\/6"}],"replies":[{"embeddable":true,"href":"https:\/\/gallehr.flei.dev\/de\/wp-json\/wp\/v2\/comments?post=84124"}],"version-history":[{"count":0,"href":"https:\/\/gallehr.flei.dev\/de\/wp-json\/wp\/v2\/pages\/84124\/revisions"}],"up":[{"embeddable":true,"href":"https:\/\/gallehr.flei.dev\/de\/wp-json\/wp\/v2\/pages\/84120"}],"wp:attachment":[{"href":"https:\/\/gallehr.flei.dev\/de\/wp-json\/wp\/v2\/media?parent=84124"}],"curies":[{"name":"wp","href":"https:\/\/api.w.org\/{rel}","templated":true}]}}