{"id":84131,"date":"2021-03-17T12:54:36","date_gmt":"2021-03-17T11:54:36","guid":{"rendered":"https:\/\/gallehr.deetag.de\/?page_id=84131"},"modified":"2021-04-06T14:24:50","modified_gmt":"2021-04-06T12:24:50","slug":"kommunikation","status":"publish","type":"page","link":"https:\/\/gallehr.flei.dev\/de\/leistungen\/kommunikation\/","title":{"rendered":"Kommunikation"},"content":{"rendered":"<div class=\"wpb-content-wrapper\"><p>[vc_row unlock_row_content=&#8220;yes&#8220; row_height_percent=&#8220;0&#8243; override_padding=&#8220;yes&#8220; h_padding=&#8220;2&#8243; top_padding=&#8220;3&#8243; bottom_padding=&#8220;3&#8243; back_color=&#8220;color-xsdn&#8220; overlay_alpha=&#8220;50&#8243; gutter_size=&#8220;4&#8243; column_width_use_pixel=&#8220;yes&#8220; shift_y=&#8220;0&#8243; z_index=&#8220;0&#8243; column_width_pixel=&#8220;1600&#8243;][vc_column column_width_percent=&#8220;100&#8243; position_vertical=&#8220;middle&#8220; gutter_size=&#8220;3&#8243; overlay_alpha=&#8220;50&#8243; shift_x=&#8220;0&#8243; shift_y=&#8220;0&#8243; shift_y_down=&#8220;0&#8243; z_index=&#8220;0&#8243; medium_width=&#8220;0&#8243; mobile_width=&#8220;0&#8243; css_animation=&#8220;left-t-right&#8220; animation_delay=&#8220;200&#8243; width=&#8220;1\/2&#8243;][vc_custom_heading heading_semantic=&#8220;h3&#8243; text_size=&#8220;h1&#8243;]Kommunikation[\/vc_custom_heading][vc_column_text]Regulative Anforderungen aber auch freiwillige Anstrengungen m\u00fcssen belastbar und pr\u00fcff\u00e4hig dokumentiert werden, damit die Adressaten, ob Beh\u00f6rden, Kunden, die \u00d6ffentlichkeit, NGOs, Gutachter aber auch die eigenen Mitarbeiter Vertrauen in die Ergebnisse gewinnen k\u00f6nnen.[\/vc_column_text][\/vc_column][vc_column column_width_percent=&#8220;100&#8243; gutter_size=&#8220;3&#8243; overlay_alpha=&#8220;50&#8243; shift_x=&#8220;0&#8243; shift_y=&#8220;0&#8243; shift_y_down=&#8220;0&#8243; z_index=&#8220;0&#8243; medium_width=&#8220;0&#8243; mobile_width=&#8220;0&#8243; width=&#8220;1\/2&#8243;][vc_single_image media=&#8220;84523&#8243; media_width_percent=&#8220;55&#8243; alignment=&#8220;right&#8220; css_animation=&#8220;right-t-left&#8220; animation_delay=&#8220;200&#8243;][\/vc_column][\/vc_row][vc_row unlock_row_content=&#8220;yes&#8220; row_height_percent=&#8220;0&#8243; override_padding=&#8220;yes&#8220; h_padding=&#8220;2&#8243; top_padding=&#8220;3&#8243; bottom_padding=&#8220;3&#8243; back_color=&#8220;color-202836&#8243; overlay_alpha=&#8220;50&#8243; gutter_size=&#8220;4&#8243; column_width_use_pixel=&#8220;yes&#8220; shift_y=&#8220;0&#8243; z_index=&#8220;0&#8243; inverted_device_order=&#8220;yes&#8220; column_width_pixel=&#8220;1600&#8243;][vc_column width=&#8220;1\/2&#8243;][vc_single_image media=&#8220;84525&#8243; media_width_percent=&#8220;55&#8243; css_animation=&#8220;left-t-right&#8220; animation_delay=&#8220;200&#8243;][\/vc_column][vc_column column_width_percent=&#8220;100&#8243; position_vertical=&#8220;middle&#8220; gutter_size=&#8220;3&#8243; overlay_alpha=&#8220;50&#8243; shift_x=&#8220;0&#8243; shift_y=&#8220;0&#8243; shift_y_down=&#8220;0&#8243; z_index=&#8220;0&#8243; medium_width=&#8220;0&#8243; mobile_width=&#8220;0&#8243; css_animation=&#8220;right-t-left&#8220; animation_delay=&#8220;200&#8243; width=&#8220;1\/2&#8243;][vc_custom_heading heading_semantic=&#8220;h3&#8243; text_size=&#8220;h3&#8243;]Wie kann GALLEHR+PARTNER<sup>\u00ae<\/sup> unterst\u00fctzen:[\/vc_custom_heading][vc_column_text]<\/p>\n<ul>\n<li>Identifizierung und Einordnung von Reputations-und Compliancerisiken<\/li>\n<li>Fachlich inhaltliche Unterst\u00fctzung bei der klima- und nachhaltigkeits-relevanten Kommunikation an Kunden, Investoren und andere Stakeholder auch bzgl. GRI, CSR, nichtfinanzieller Berichterstattung, TFCD, SFDR, EU-Taxonomie, SASB<\/li>\n<li>Verifizierer- und Beh\u00f6rdenkommunikation, beispielsweise mit DEHSt \u00fcber FMS und VPS und BAFA \u00fcber das ELAN-K2-Online-Portal<\/li>\n<\/ul>\n<p>Gerne erstellen wir Ihnen ein ma\u00dfgeschneidertes Angebot.[\/vc_column_text][vc_empty_space empty_h=&#8220;2&#8243;][vc_button button_color=&#8220;color-184891&#8243; outline=&#8220;yes&#8220; border_width=&#8220;0&#8243; display=&#8220;inline&#8220; link=&#8220;url:https%3A%2F%2Fwww.gallehr.de%2Fkontakt%2F&#8220;]Kontakt[\/vc_button][\/vc_column][\/vc_row][vc_row unlock_row_content=&#8220;yes&#8220; row_height_percent=&#8220;0&#8243; override_padding=&#8220;yes&#8220; h_padding=&#8220;2&#8243; top_padding=&#8220;3&#8243; bottom_padding=&#8220;3&#8243; back_color=&#8220;color-xsdn&#8220; overlay_alpha=&#8220;50&#8243; gutter_size=&#8220;4&#8243; column_width_use_pixel=&#8220;yes&#8220; shift_y=&#8220;0&#8243; z_index=&#8220;0&#8243; column_width_pixel=&#8220;1600&#8243;][vc_column column_width_percent=&#8220;100&#8243; align_horizontal=&#8220;align_center&#8220; gutter_size=&#8220;3&#8243; overlay_alpha=&#8220;50&#8243; shift_x=&#8220;0&#8243; shift_y=&#8220;0&#8243; shift_y_down=&#8220;0&#8243; z_index=&#8220;0&#8243; medium_width=&#8220;0&#8243; mobile_width=&#8220;0&#8243; width=&#8220;1\/1&#8243;][vc_column_text css_animation=&#8220;top-t-bottom&#8220;]Weitere Informationen zum Thema &#8222;Kommunikation&#8220; erhalten Sie hier:[\/vc_column_text][vc_empty_space empty_h=&#8220;2&#8243;][vc_button button_color=&#8220;color-184891&#8243; outline=&#8220;yes&#8220; border_width=&#8220;0&#8243; display=&#8220;inline&#8220; css_animation=&#8220;bottom-t-top&#8220; animation_delay=&#8220;100&#8243; link=&#8220;url:https%3A%2F%2Fwww.gallehr.de%2Fnews%2F&#8220;]News &amp; Infos[\/vc_button][\/vc_column][\/vc_row]<\/p>\n<\/div>","protected":false},"excerpt":{"rendered":"<p>[vc_row unlock_row_content=&#8220;yes&#8220; row_height_percent=&#8220;0&#8243; override_padding=&#8220;yes&#8220; h_padding=&#8220;2&#8243; top_padding=&#8220;3&#8243; bottom_padding=&#8220;3&#8243; back_color=&#8220;color-xsdn&#8220; overlay_alpha=&#8220;50&#8243; gutter_size=&#8220;4&#8243; column_width_use_pixel=&#8220;yes&#8220; shift_y=&#8220;0&#8243; z_index=&#8220;0&#8243; column_width_pixel=&#8220;1600&#8243;][vc_column column_width_percent=&#8220;100&#8243; position_vertical=&#8220;middle&#8220; gutter_size=&#8220;3&#8243; overlay_alpha=&#8220;50&#8243; shift_x=&#8220;0&#8243; shift_y=&#8220;0&#8243; [&hellip;]<\/p>\n","protected":false},"author":6,"featured_media":0,"parent":84120,"menu_order":0,"comment_status":"closed","ping_status":"closed","template":"","meta":{"footnotes":""},"class_list":["post-84131","page","type-page","status-publish","hentry"],"_links":{"self":[{"href":"https:\/\/gallehr.flei.dev\/de\/wp-json\/wp\/v2\/pages\/84131","targetHints":{"allow":["GET"]}}],"collection":[{"href":"https:\/\/gallehr.flei.dev\/de\/wp-json\/wp\/v2\/pages"}],"about":[{"href":"https:\/\/gallehr.flei.dev\/de\/wp-json\/wp\/v2\/types\/page"}],"author":[{"embeddable":true,"href":"https:\/\/gallehr.flei.dev\/de\/wp-json\/wp\/v2\/users\/6"}],"replies":[{"embeddable":true,"href":"https:\/\/gallehr.flei.dev\/de\/wp-json\/wp\/v2\/comments?post=84131"}],"version-history":[{"count":0,"href":"https:\/\/gallehr.flei.dev\/de\/wp-json\/wp\/v2\/pages\/84131\/revisions"}],"up":[{"embeddable":true,"href":"https:\/\/gallehr.flei.dev\/de\/wp-json\/wp\/v2\/pages\/84120"}],"wp:attachment":[{"href":"https:\/\/gallehr.flei.dev\/de\/wp-json\/wp\/v2\/media?parent=84131"}],"curies":[{"name":"wp","href":"https:\/\/api.w.org\/{rel}","templated":true}]}}