{"id":86774,"date":"2024-03-19T11:40:31","date_gmt":"2024-03-19T10:40:31","guid":{"rendered":"https:\/\/gallehr.flei.dev\/?page_id=86774"},"modified":"2024-12-03T14:24:06","modified_gmt":"2024-12-03T13:24:06","slug":"carbon-border-adjustment-mechanism-cbam","status":"publish","type":"page","link":"https:\/\/gallehr.flei.dev\/de\/leistungen\/carbon-border-adjustment-mechanism-cbam\/","title":{"rendered":"Carbon Border Adjustment Mechanism &#8211; CBAM"},"content":{"rendered":"<div class=\"wpb-content-wrapper\"><p>[vc_row unlock_row_content=&#8220;yes&#8220; row_height_percent=&#8220;0&#8243; override_padding=&#8220;yes&#8220; h_padding=&#8220;2&#8243; top_padding=&#8220;3&#8243; bottom_padding=&#8220;3&#8243; back_color=&#8220;color-202836&#8243; overlay_alpha=&#8220;50&#8243; gutter_size=&#8220;4&#8243; column_width_use_pixel=&#8220;yes&#8220; shift_y=&#8220;0&#8243; z_index=&#8220;0&#8243; column_width_pixel=&#8220;1600&#8243; uncode_shortcode_id=&#8220;188462&#8243; back_color_type=&#8220;uncode-palette&#8220;][vc_column column_width_percent=&#8220;100&#8243; position_vertical=&#8220;middle&#8220; gutter_size=&#8220;3&#8243; overlay_alpha=&#8220;50&#8243; shift_x=&#8220;0&#8243; shift_y=&#8220;0&#8243; shift_y_down=&#8220;0&#8243; z_index=&#8220;0&#8243; medium_width=&#8220;0&#8243; mobile_width=&#8220;0&#8243; css_animation=&#8220;left-t-right&#8220; animation_delay=&#8220;200&#8243; width=&#8220;1\/2&#8243;][vc_custom_heading heading_semantic=&#8220;h3&#8243; text_size=&#8220;h1&#8243; uncode_shortcode_id=&#8220;184115&#8243;]<\/p>\n<h1><span style=\"font-size: 24pt;\"><strong><span style=\"color: #b01419;\">Carbon Border Adjustment Mechanism &#8211; CBAM<br \/>\n<\/span><\/strong><\/span><\/h1>\n<h4>Europ\u00e4ischer CO\u2082-Grenzausgleichsmechanismus f\u00fcr Hersteller und Importeure<\/h4>\n<p>[\/vc_custom_heading][vc_column_text uncode_shortcode_id=&#8220;211275&#8243;]<\/p>\n<p style=\"text-align: justify;\">Als Teil des Fit-for-55-Programms der Europ\u00e4ischen Union schlie\u00dft der etablierte Carbon Boarder Adjustment Mechanism, kurz CBAM, nahtlos an das zentrale europ\u00e4ische Klimaschutzinstrument, den Europ\u00e4ischen Emissionshandel (EU-ETS), an. CBAM soll neben dem Europ\u00e4ischen Emissionshandel (EU-ETS) das Risiko von &#8222;Carbon Leakage&#8220; mindern und den EU-ETS in seiner Funktionsweise hierzu unterst\u00fctzen. Carbon Leakage beschreibt den Effekt, wenn in der EU ans\u00e4ssige Unternehmen ihre CO\u2082-intensiven Produktionsprozesse in Drittl\u00e4nder au\u00dferhalb der EU verlagern. Mit dem Ziel, die Verlagerung von CO\u2082-Emissionen zu minimieren und die vollen Emissionen der in der EU verwendeten Produkte gerecht zu ber\u00fccksichtigen, verpflichtet CBAM die betroffenen Sektoren: Zement, Elektrizit\u00e4t, D\u00fcngemittel, Eisen, Stahl und Aluminium Informationen \u00fcber die Importmengen und Herstelleremissionen offenzulegen. Ab dem Jahr 2026 werden aufbauend auf den abzugebenden Emissionsberichten schrittweise CO\u2082-Kosten erhoben, welche sich an den jeweiligen CO\u2082-Zertifikatskosten des EU-ETS orientieren.<\/p>\n<p>[\/vc_column_text][vc_empty_space empty_h=&#8220;2&#8243;][vc_button button_color=&#8220;color-184891&#8243; outline=&#8220;yes&#8220; border_width=&#8220;0&#8243; display=&#8220;inline&#8220; lbox_dir=&#8220;vertical&#8220; button_color_type=&#8220;uncode-palette&#8220; uncode_shortcode_id=&#8220;781133&#8243; link=&#8220;url:https%3A%2F%2Fwww.gallehr.de%2Fwordpress%2Fwp-content%2Fuploads%2F2024%2F07%2FCN-codeStandardwerte_final.pdf|target:_blank&#8220;]Betroffene CN-Codes[\/vc_button][vc_button button_color=&#8220;color-184891&#8243; outline=&#8220;yes&#8220; border_width=&#8220;0&#8243; display=&#8220;inline&#8220; lbox_dir=&#8220;vertical&#8220; button_color_type=&#8220;uncode-palette&#8220; uncode_shortcode_id=&#8220;913875&#8243; link=&#8220;url:https%3A%2F%2Fwww.gallehr.de%2Fde%2Fleistungen%2Fcarbon-border-adjustment-mechanism-cbam%2F%23CBAM-PP&#8220;]CBAM-Pr\u00e4sentation[\/vc_button][vc_button button_color=&#8220;color-184891&#8243; outline=&#8220;yes&#8220; border_width=&#8220;0&#8243; display=&#8220;inline&#8220; lbox_dir=&#8220;vertical&#8220; button_color_type=&#8220;uncode-palette&#8220; uncode_shortcode_id=&#8220;146544&#8243; link=&#8220;url:https%3A%2F%2Fwww.gallehr.de%2Fwordpress%2Fwp-content%2Fuploads%2F2024%2F03%2FGSR-CBAM-Unverbindliches-Angebot-DE-1.pdf|target:_blank&#8220;]Unverbindliches Angebot[\/vc_button][\/vc_column][vc_column width=&#8220;1\/2&#8243;][vc_single_image media=&#8220;84522&#8243; media_width_percent=&#8220;55&#8243; alignment=&#8220;right&#8220; css_animation=&#8220;right-t-left&#8220; animation_delay=&#8220;200&#8243; uncode_shortcode_id=&#8220;979425&#8243;][\/vc_column][\/vc_row][vc_row unlock_row_content=&#8220;yes&#8220; row_height_percent=&#8220;0&#8243; override_padding=&#8220;yes&#8220; h_padding=&#8220;2&#8243; top_padding=&#8220;3&#8243; bottom_padding=&#8220;3&#8243; back_color=&#8220;color-xsdn&#8220; overlay_alpha=&#8220;50&#8243; gutter_size=&#8220;4&#8243; column_width_use_pixel=&#8220;yes&#8220; shift_y=&#8220;0&#8243; z_index=&#8220;0&#8243; inverted_device_order=&#8220;yes&#8220; column_width_pixel=&#8220;1600&#8243;][vc_column column_width_percent=&#8220;100&#8243; gutter_size=&#8220;3&#8243; override_padding=&#8220;yes&#8220; column_padding=&#8220;1&#8243; overlay_alpha=&#8220;50&#8243; shift_x=&#8220;0&#8243; shift_y=&#8220;0&#8243; shift_y_down=&#8220;0&#8243; z_index=&#8220;0&#8243; medium_width=&#8220;0&#8243; mobile_width=&#8220;0&#8243; width=&#8220;1\/4&#8243; uncode_shortcode_id=&#8220;275973&#8243;][vc_single_image media=&#8220;84309&#8243; media_width_percent=&#8220;70&#8243; css_animation=&#8220;left-t-right&#8220; animation_delay=&#8220;200&#8243; uncode_shortcode_id=&#8220;183889&#8243;][\/vc_column][vc_column width=&#8220;3\/4&#8243;][vc_column_text uncode_shortcode_id=&#8220;187092&#8243;]<\/p>\n<h2>Weiterf\u00fchrende Informationen f\u00fcr Hersteller und Importeure<\/h2>\n<p style=\"text-align: justify;\">Seit dessen Startzeitpunkt im Oktober 2023 verpflichtet der CO\u2082-Grenzausgleichsmechanismus Importeure quartalsweise Informationen \u00fcber CBAM-pflichtige Produkte offenzulegen. Hintergr\u00fcndig befinden sich berichtspflichtige Unternehmen innerhalb eines \u00dcbergangzeitraumes von Oktober 2023 bis Dezember 2025, wobei vereinfachte Berichtspflichten und keine finanziellen Verpflichtungen bestehen. F\u00fcr eine einheitliche CBAM-Berichterstattung wurde seitens der EU-KOM das CBAM-\u00dcbergangsregister bereitgestellt, in welches Berichtspflichtige die entsprechenden Angaben zu Warenmenge, direkten und indirekten Emissionen sowie zu bereits entrichteten CO\u2082-Kosten anzugeben haben. Als zust\u00e4ndige Beh\u00f6rde innerhalb Deutschlands wurde die Deutsche Emissionshandelsstelle (DEHSt) im Umweltbundesamt benannt.<\/p>\n<p style=\"text-align: justify;\"><a id=\"CBAM-PP\"><\/a>Zur \u00dcbersicht der relevantesten Informationen finden Sie folgend unsere CBAM-Pr\u00e4sentation f\u00fcr alle Importeure, Lieferanten und Hersteller:<\/p>\n<p>[\/vc_column_text][vc_column_text uncode_shortcode_id=&#8220;571496&#8243;]\n<div\n    class='wp-block-pdfp-pdf-poster  alignnone'\n    id='block-1'\n    data-attributes='{&quot;uniqueId&quot;:&quot;pdfpc4b8d620&quot;,&quot;file&quot;:&quot;https:\\\/\\\/gallehr.flei.dev\\\/wordpress\\\/wp-content\\\/uploads\\\/2024\\\/03\\\/GSR_CBAM_PP_fuer_Importeure-Lieferanten-Hersteller_Website_V1.2-DE.pdf&quot;,&quot;height&quot;:&quot;650px&quot;,&quot;width&quot;:&quot;110%&quot;,&quot;adobeOptions&quot;:{&quot;showDownloadPDF&quot;:true,&quot;showPrintPDF&quot;:true,&quot;showAnnotationTools&quot;:true,&quot;showFullScreen&quot;:false,&quot;embedMode&quot;:&quot;SIZED_CONTAINER&quot;,&quot;updated&quot;:true},&quot;CSS&quot;:&quot;.pdfpc4b8d620btn {background: #2271b1; color: #fff; padding: 10px 20px 10px 10px}&quot;,&quot;align&quot;:&quot;none&quot;,&quot;alignment&quot;:&quot;left&quot;,&quot;title&quot;:&quot;&quot;,&quot;titleFontSize&quot;:&quot;16px&quot;,&quot;showName&quot;:false,&quot;print&quot;:false,&quot;onlyPDF&quot;:false,&quot;defaultBrowser&quot;:false,&quot;downloadButton&quot;:false,&quot;downloadButtonText&quot;:&quot;Download File&quot;,&quot;fullscreenButton&quot;:true,&quot;fullscreenButtonText&quot;:&quot;View Fullscreen&quot;,&quot;actionsPosition&quot;:&quot;top&quot;,&quot;newWindow&quot;:false,&quot;protect&quot;:false,&quot;thumbMenu&quot;:false,&quot;sidebarOpen&quot;:false,&quot;initialPage&quot;:0,&quot;alert&quot;:false,&quot;lastVersion&quot;:false,&quot;hrScroll&quot;:false,&quot;isHideRightToolbar&quot;:false,&quot;additional&quot;:{&quot;ID&quot;:&quot;&quot;,&quot;Class&quot;:&quot;&quot;,&quot;CSS&quot;:&quot;&quot;},&quot;adobeEmbedder&quot;:false,&quot;popupOptions&quot;:{&quot;enabled&quot;:false,&quot;triggerType&quot;:&quot;button&quot;,&quot;image&quot;:&quot;&quot;,&quot;imagePdfIcon&quot;:true,&quot;imageHeight&quot;:&quot;200px&quot;,&quot;imageWidth&quot;:&quot;300px&quot;,&quot;text&quot;:&quot;Open PDF&quot;,&quot;btnStyle&quot;:{&quot;background&quot;:&quot;#2271b1&quot;,&quot;color&quot;:&quot;#fff&quot;,&quot;fontSize&quot;:&quot;16px&quot;,&quot;padding&quot;:{&quot;top&quot;:10,&quot;right&quot;:20,&quot;bottom&quot;:10,&quot;left&quot;:10}}},&quot;popupBtnStyle&quot;:{&quot;background&quot;:&quot;#2271b1&quot;,&quot;color&quot;:&quot;#fff&quot;,&quot;padding&quot;:{&quot;top&quot;:10,&quot;right&quot;:20,&quot;bottom&quot;:10,&quot;left&quot;:10}},&quot;popupBtnText&quot;:&quot;Open Document&quot;,&quot;socialShare&quot;:{&quot;enabled&quot;:false,&quot;facebook&quot;:true,&quot;twitter&quot;:true,&quot;linkedin&quot;:true,&quot;pinterest&quot;:true,&quot;position&quot;:&quot;top&quot;},&quot;isPremium&quot;:false}'\n    style=\"text-align: left\">\n            <div class=\"pdfp_loading_placeholder\" style=\"height: 650px; width: 110%; display: flex; align-items: center; justify-content: center; background: #f5f5f5; border: 1px solid #ddd;\">\n             <p>Loading Viewer...<\/p>\n        <\/div>\n    <\/div>\n[\/vc_column_text][vc_column_text uncode_shortcode_id=&#8220;208203&#8243;]<\/p>\n<p style=\"text-align: center;\">Hier finden Sie weitere Informationen \u00fcber:<\/p>\n<p>[\/vc_column_text][\/vc_column][\/vc_row][vc_row][vc_column width=&#8220;1\/4&#8243;][\/vc_column][vc_column column_width_percent=&#8220;100&#8243; align_horizontal=&#8220;align_center&#8220; gutter_size=&#8220;3&#8243; overlay_alpha=&#8220;50&#8243; shift_x=&#8220;0&#8243; shift_y=&#8220;-3&#8243; shift_y_down=&#8220;0&#8243; z_index=&#8220;0&#8243; medium_width=&#8220;0&#8243; mobile_width=&#8220;0&#8243; width=&#8220;3\/4&#8243; uncode_shortcode_id=&#8220;122651&#8243;][vc_button button_color=&#8220;color-184891&#8243; outline=&#8220;yes&#8220; border_width=&#8220;0&#8243; display=&#8220;inline&#8220; lbox_dir=&#8220;vertical&#8220; button_color_type=&#8220;uncode-palette&#8220; uncode_shortcode_id=&#8220;112717&#8243; link=&#8220;url:https%3A%2F%2Feur-lex.europa.eu%2Flegal-content%2FDE%2FTXT%2FHTML%2F%3Furi%3DCELEX%3A52021PC0564%26from%3DHR|target:_blank&#8220;]EU-CBAM-Verordnung[\/vc_button][vc_button button_color=&#8220;color-184891&#8243; outline=&#8220;yes&#8220; border_width=&#8220;0&#8243; display=&#8220;inline&#8220; lbox_dir=&#8220;vertical&#8220; button_color_type=&#8220;uncode-palette&#8220; uncode_shortcode_id=&#8220;113403&#8243; link=&#8220;url:https%3A%2F%2Fwww.gallehr.de%2Fwordpress%2Fwp-content%2Fuploads%2F2024%2F07%2FCN-codeStandardwerte_final.pdf|target:_blank&#8220;]Standard-Emissionsfaktoren[\/vc_button][vc_button button_color=&#8220;color-184891&#8243; outline=&#8220;yes&#8220; border_width=&#8220;0&#8243; display=&#8220;inline&#8220; scale_mobile=&#8220;no&#8220; lbox_dir=&#8220;vertical&#8220; button_color_type=&#8220;uncode-palette&#8220; uncode_shortcode_id=&#8220;170544&#8243; link=&#8220;url:https%3A%2F%2Fwww.gallehr.de%2Fwordpress%2Fwp-content%2Fuploads%2F2024%2F03%2FLaendercodes_EU.pdf|target:_blank&#8220;]CBAM-EU-L\u00e4ndercodes[\/vc_button][vc_button button_color=&#8220;color-184891&#8243; outline=&#8220;yes&#8220; border_width=&#8220;0&#8243; display=&#8220;inline&#8220; scale_mobile=&#8220;no&#8220; lbox_dir=&#8220;vertical&#8220; button_color_type=&#8220;uncode-palette&#8220; uncode_shortcode_id=&#8220;506088&#8243; link=&#8220;url:https%3A%2F%2Fwww.gallehr.de%2Fde%2Fleistungen%2Fcbam-manufacturers-suppliers%2F|target:_blank&#8220;]Webseite f\u00fcr GSR-Kunden[\/vc_button][\/vc_column][\/vc_row][vc_row unlock_row_content=&#8220;yes&#8220; row_height_percent=&#8220;0&#8243; override_padding=&#8220;yes&#8220; h_padding=&#8220;2&#8243; top_padding=&#8220;3&#8243; bottom_padding=&#8220;0&#8243; back_color=&#8220;color-202836&#8243; overlay_alpha=&#8220;50&#8243; gutter_size=&#8220;4&#8243; column_width_use_pixel=&#8220;yes&#8220; shift_y=&#8220;0&#8243; z_index=&#8220;0&#8243; column_width_pixel=&#8220;1600&#8243; uncode_shortcode_id=&#8220;590539&#8243; back_color_type=&#8220;uncode-palette&#8220;][vc_column column_width_percent=&#8220;100&#8243; gutter_size=&#8220;3&#8243; overlay_alpha=&#8220;50&#8243; shift_x=&#8220;0&#8243; shift_y=&#8220;0&#8243; shift_y_down=&#8220;0&#8243; z_index=&#8220;0&#8243; medium_width=&#8220;0&#8243; mobile_width=&#8220;0&#8243; css_animation=&#8220;left-t-right&#8220; animation_delay=&#8220;200&#8243; width=&#8220;1\/2&#8243; uncode_shortcode_id=&#8220;555119&#8243;][vc_custom_heading heading_semantic=&#8220;h3&#8243; text_size=&#8220;h1&#8243; uncode_shortcode_id=&#8220;432087&#8243;]<\/p>\n<h2>Questions and Answers:<\/h2>\n<h4><span style=\"color: #b01419;\">Allgemeine Informationen<\/span><\/h4>\n<p>[\/vc_custom_heading][vc_column_text uncode_shortcode_id=&#8220;116759&#8243;][sp_easyaccordion id=&#8220;86662&#8243;][\/vc_column_text][\/vc_column][vc_column column_width_percent=&#8220;100&#8243; gutter_size=&#8220;3&#8243; overlay_alpha=&#8220;50&#8243; shift_x=&#8220;0&#8243; shift_y=&#8220;0&#8243; shift_y_down=&#8220;0&#8243; z_index=&#8220;0&#8243; medium_width=&#8220;0&#8243; mobile_width=&#8220;0&#8243; css_animation=&#8220;left-t-right&#8220; animation_delay=&#8220;200&#8243; width=&#8220;1\/2&#8243; uncode_shortcode_id=&#8220;180141&#8243;][vc_custom_heading heading_semantic=&#8220;h3&#8243; text_size=&#8220;h1&#8243; uncode_shortcode_id=&#8220;160300&#8243;]<\/p>\n<h2><span style=\"color: #f4f4f4;\">Questions and Answers:<\/span><\/h2>\n<h4><span style=\"color: #f4f4f4;\">Allgemeine Hintergr\u00fcnde<\/span><\/h4>\n<p>[\/vc_custom_heading][vc_column_text uncode_shortcode_id=&#8220;144533&#8243;][sp_easyaccordion id=&#8220;86663&#8243;][\/vc_column_text][\/vc_column][\/vc_row][vc_row unlock_row_content=&#8220;yes&#8220; row_height_percent=&#8220;0&#8243; override_padding=&#8220;yes&#8220; h_padding=&#8220;2&#8243; top_padding=&#8220;2&#8243; bottom_padding=&#8220;3&#8243; back_color=&#8220;color-202836&#8243; overlay_alpha=&#8220;50&#8243; gutter_size=&#8220;4&#8243; column_width_use_pixel=&#8220;yes&#8220; shift_y=&#8220;0&#8243; z_index=&#8220;0&#8243; column_width_pixel=&#8220;1600&#8243; uncode_shortcode_id=&#8220;340676&#8243; back_color_type=&#8220;uncode-palette&#8220;][vc_column column_width_percent=&#8220;100&#8243; gutter_size=&#8220;3&#8243; overlay_alpha=&#8220;50&#8243; shift_x=&#8220;0&#8243; shift_y=&#8220;0&#8243; shift_y_down=&#8220;0&#8243; z_index=&#8220;0&#8243; medium_width=&#8220;0&#8243; mobile_width=&#8220;0&#8243; css_animation=&#8220;left-t-right&#8220; animation_delay=&#8220;200&#8243; width=&#8220;1\/1&#8243; uncode_shortcode_id=&#8220;555119&#8243;][vc_custom_heading heading_semantic=&#8220;h3&#8243; text_size=&#8220;h1&#8243; uncode_shortcode_id=&#8220;146270&#8243;]<\/p>\n<h4><span style=\"color: #b01419;\">Spezifische Informationen f\u00fcr Hersteller und Lieferanten<br \/>\n<\/span><\/h4>\n<p>[\/vc_custom_heading][vc_column_text uncode_shortcode_id=&#8220;140879&#8243;][sp_easyaccordion id=&#8220;86667&#8243;][\/vc_column_text][\/vc_column][\/vc_row][vc_row unlock_row_content=&#8220;yes&#8220; row_height_percent=&#8220;0&#8243; override_padding=&#8220;yes&#8220; h_padding=&#8220;2&#8243; top_padding=&#8220;3&#8243; bottom_padding=&#8220;3&#8243; back_color=&#8220;color-xsdn&#8220; overlay_alpha=&#8220;50&#8243; gutter_size=&#8220;4&#8243; column_width_use_pixel=&#8220;yes&#8220; shift_y=&#8220;0&#8243; z_index=&#8220;0&#8243; column_width_pixel=&#8220;1600&#8243; uncode_shortcode_id=&#8220;189877&#8243; back_color_type=&#8220;uncode-palette&#8220;][vc_column column_width_percent=&#8220;100&#8243; gutter_size=&#8220;3&#8243; overlay_alpha=&#8220;50&#8243; shift_x=&#8220;0&#8243; shift_y=&#8220;0&#8243; shift_y_down=&#8220;0&#8243; z_index=&#8220;0&#8243; medium_width=&#8220;0&#8243; mobile_width=&#8220;0&#8243; css_animation=&#8220;left-t-right&#8220; animation_delay=&#8220;200&#8243; width=&#8220;3\/4&#8243; uncode_shortcode_id=&#8220;555119&#8243;][vc_custom_heading heading_semantic=&#8220;h3&#8243; text_size=&#8220;h1&#8243; uncode_shortcode_id=&#8220;919363&#8243;]<\/p>\n<h2>Einzuhaltende CBAM-Fristen bis 2026<\/h2>\n<p>[\/vc_custom_heading][vc_column_text uncode_shortcode_id=&#8220;641692&#8243;]<img decoding=\"async\" class=\"aligncenter wp-image-86750 size-full\" src=\"https:\/\/gallehr.flei.dev\/wordpress\/wp-content\/uploads\/2024\/03\/CBAM-Zeitleiste-V01-DEII.jpg\" alt=\"\" width=\"2000\" height=\"1125\" \/>[\/vc_column_text][\/vc_column][vc_column width=&#8220;1\/4&#8243;][vc_single_image media=&#8220;84530&#8243; media_width_percent=&#8220;70&#8243; css_animation=&#8220;left-t-right&#8220; animation_delay=&#8220;200&#8243; uncode_shortcode_id=&#8220;705641&#8243;][\/vc_column][\/vc_row][vc_row unlock_row_content=&#8220;yes&#8220; row_height_percent=&#8220;0&#8243; override_padding=&#8220;yes&#8220; h_padding=&#8220;2&#8243; top_padding=&#8220;3&#8243; bottom_padding=&#8220;3&#8243; back_color=&#8220;color-202836&#8243; overlay_alpha=&#8220;50&#8243; gutter_size=&#8220;4&#8243; column_width_use_pixel=&#8220;yes&#8220; shift_y=&#8220;0&#8243; z_index=&#8220;0&#8243; column_width_pixel=&#8220;1600&#8243; uncode_shortcode_id=&#8220;553108&#8243; back_color_type=&#8220;uncode-palette&#8220;][vc_column column_width_percent=&#8220;100&#8243; align_horizontal=&#8220;align_center&#8220; gutter_size=&#8220;3&#8243; overlay_alpha=&#8220;50&#8243; shift_x=&#8220;0&#8243; shift_y=&#8220;0&#8243; shift_y_down=&#8220;0&#8243; z_index=&#8220;0&#8243; medium_width=&#8220;0&#8243; mobile_width=&#8220;0&#8243; width=&#8220;1\/1&#8243;][vc_column_text css_animation=&#8220;top-t-bottom&#8220; uncode_shortcode_id=&#8220;115330&#8243;]<\/p>\n<h2>Unser Angebot an Sie:<\/h2>\n<p>[\/vc_column_text][vc_empty_space empty_h=&#8220;2&#8243;][vc_column_text css_animation=&#8220;top-t-bottom&#8220; uncode_shortcode_id=&#8220;217994&#8243;]\n<div\n    class='wp-block-pdfp-pdf-poster  alignnone'\n    id='block-2'\n    data-attributes='{&quot;uniqueId&quot;:&quot;pdfp411408e8&quot;,&quot;file&quot;:&quot;https:\\\/\\\/gallehr.flei.dev\\\/wordpress\\\/wp-content\\\/uploads\\\/2024\\\/03\\\/GSR_Dienstleistungsangebot_ImportersForeignSuppliers-v1-DE.pdf&quot;,&quot;height&quot;:&quot;625px&quot;,&quot;width&quot;:&quot;110%&quot;,&quot;adobeOptions&quot;:{&quot;showDownloadPDF&quot;:true,&quot;showPrintPDF&quot;:true,&quot;showAnnotationTools&quot;:true,&quot;showFullScreen&quot;:false,&quot;embedMode&quot;:&quot;SIZED_CONTAINER&quot;,&quot;updated&quot;:true},&quot;CSS&quot;:&quot;.pdfp411408e8btn {background: #2271b1; color: #fff; padding: 10px 20px 10px 10px}&quot;,&quot;align&quot;:&quot;none&quot;,&quot;alignment&quot;:&quot;left&quot;,&quot;title&quot;:&quot;&quot;,&quot;titleFontSize&quot;:&quot;16px&quot;,&quot;showName&quot;:false,&quot;print&quot;:false,&quot;onlyPDF&quot;:false,&quot;defaultBrowser&quot;:false,&quot;downloadButton&quot;:false,&quot;downloadButtonText&quot;:&quot;Download File&quot;,&quot;fullscreenButton&quot;:true,&quot;fullscreenButtonText&quot;:&quot;View Fullscreen&quot;,&quot;actionsPosition&quot;:&quot;top&quot;,&quot;newWindow&quot;:false,&quot;protect&quot;:false,&quot;thumbMenu&quot;:false,&quot;sidebarOpen&quot;:false,&quot;initialPage&quot;:0,&quot;alert&quot;:false,&quot;lastVersion&quot;:false,&quot;hrScroll&quot;:false,&quot;isHideRightToolbar&quot;:false,&quot;additional&quot;:{&quot;ID&quot;:&quot;&quot;,&quot;Class&quot;:&quot;&quot;,&quot;CSS&quot;:&quot;&quot;},&quot;adobeEmbedder&quot;:false,&quot;popupOptions&quot;:{&quot;enabled&quot;:false,&quot;triggerType&quot;:&quot;button&quot;,&quot;image&quot;:&quot;&quot;,&quot;imagePdfIcon&quot;:true,&quot;imageHeight&quot;:&quot;200px&quot;,&quot;imageWidth&quot;:&quot;300px&quot;,&quot;text&quot;:&quot;Open PDF&quot;,&quot;btnStyle&quot;:{&quot;background&quot;:&quot;#2271b1&quot;,&quot;color&quot;:&quot;#fff&quot;,&quot;fontSize&quot;:&quot;16px&quot;,&quot;padding&quot;:{&quot;top&quot;:10,&quot;right&quot;:20,&quot;bottom&quot;:10,&quot;left&quot;:10}}},&quot;popupBtnStyle&quot;:{&quot;background&quot;:&quot;#2271b1&quot;,&quot;color&quot;:&quot;#fff&quot;,&quot;padding&quot;:{&quot;top&quot;:10,&quot;right&quot;:20,&quot;bottom&quot;:10,&quot;left&quot;:10}},&quot;popupBtnText&quot;:&quot;Open Document&quot;,&quot;socialShare&quot;:{&quot;enabled&quot;:false,&quot;facebook&quot;:true,&quot;twitter&quot;:true,&quot;linkedin&quot;:true,&quot;pinterest&quot;:true,&quot;position&quot;:&quot;top&quot;},&quot;isPremium&quot;:false}'\n    style=\"text-align: left\">\n            <div class=\"pdfp_loading_placeholder\" style=\"height: 625px; width: 110%; display: flex; align-items: center; justify-content: center; background: #f5f5f5; border: 1px solid #ddd;\">\n             <p>Loading Viewer...<\/p>\n        <\/div>\n    <\/div>\n[\/vc_column_text][\/vc_column][\/vc_row][vc_row unlock_row_content=&#8220;yes&#8220; row_height_percent=&#8220;0&#8243; override_padding=&#8220;yes&#8220; h_padding=&#8220;2&#8243; top_padding=&#8220;3&#8243; bottom_padding=&#8220;3&#8243; back_color=&#8220;color-xsdn&#8220; overlay_alpha=&#8220;50&#8243; gutter_size=&#8220;4&#8243; column_width_use_pixel=&#8220;yes&#8220; shift_y=&#8220;0&#8243; z_index=&#8220;0&#8243; column_width_pixel=&#8220;1600&#8243; uncode_shortcode_id=&#8220;103902&#8243; back_color_type=&#8220;uncode-palette&#8220;][vc_column column_width_percent=&#8220;100&#8243; align_horizontal=&#8220;align_center&#8220; gutter_size=&#8220;3&#8243; overlay_alpha=&#8220;50&#8243; shift_x=&#8220;0&#8243; shift_y=&#8220;0&#8243; shift_y_down=&#8220;0&#8243; z_index=&#8220;0&#8243; medium_width=&#8220;0&#8243; mobile_width=&#8220;0&#8243; width=&#8220;1\/1&#8243;][vc_column_text css_animation=&#8220;top-t-bottom&#8220; uncode_shortcode_id=&#8220;127318&#8243;]Weitere Informationen zu unserem Unternehmen erhalten Sie hier:[\/vc_column_text][vc_empty_space empty_h=&#8220;2&#8243;][vc_button button_color=&#8220;color-184891&#8243; outline=&#8220;yes&#8220; border_width=&#8220;0&#8243; display=&#8220;inline&#8220; css_animation=&#8220;bottom-t-top&#8220; animation_delay=&#8220;100&#8243; link=&#8220;url:https%3A%2F%2Fwww.gallehr.de%2Fde%2Fleistungen%2F|target:_blank&#8220; button_color_type=&#8220;uncode-palette&#8220; uncode_shortcode_id=&#8220;148578&#8243;]Leistungen[\/vc_button][vc_button button_color=&#8220;color-184891&#8243; outline=&#8220;yes&#8220; border_width=&#8220;0&#8243; display=&#8220;inline&#8220; css_animation=&#8220;bottom-t-top&#8220; animation_delay=&#8220;100&#8243; link=&#8220;url:https%3A%2F%2Fwww.gallehr.de%2Fde%2Freferenzen%2F|target:_blank&#8220; button_color_type=&#8220;uncode-palette&#8220; uncode_shortcode_id=&#8220;153141&#8243;]Referenzen[\/vc_button][vc_button button_color=&#8220;color-184891&#8243; outline=&#8220;yes&#8220; border_width=&#8220;0&#8243; display=&#8220;inline&#8220; css_animation=&#8220;top-t-bottom&#8220; animation_speed=&#8220;100&#8243; lbox_dir=&#8220;vertical&#8220; link=&#8220;url:https%3A%2F%2Fwww.gallehr.de%2Fwordpress%2Fwp-content%2Fuploads%2F2023%2F08%2FGSR_Kurzvorstellung-2023-07.pdf|target:_blank&#8220; button_color_type=&#8220;uncode-palette&#8220; uncode_shortcode_id=&#8220;414989&#8243;]Kurzvorstellung[\/vc_button][vc_button button_color=&#8220;color-184891&#8243; outline=&#8220;yes&#8220; border_width=&#8220;0&#8243; display=&#8220;inline&#8220; css_animation=&#8220;bottom-t-top&#8220; animation_delay=&#8220;100&#8243; link=&#8220;url:https%3A%2F%2Fwww.gallehr.de%2Fnews%2F&#8220;]News &amp; Infos[\/vc_button][\/vc_column][\/vc_row]<\/p>\n<\/div>","protected":false},"excerpt":{"rendered":"<p>[vc_row unlock_row_content=&#8220;yes&#8220; row_height_percent=&#8220;0&#8243; override_padding=&#8220;yes&#8220; h_padding=&#8220;2&#8243; top_padding=&#8220;3&#8243; bottom_padding=&#8220;3&#8243; back_color=&#8220;color-202836&#8243; overlay_alpha=&#8220;50&#8243; gutter_size=&#8220;4&#8243; column_width_use_pixel=&#8220;yes&#8220; shift_y=&#8220;0&#8243; z_index=&#8220;0&#8243; column_width_pixel=&#8220;1600&#8243; uncode_shortcode_id=&#8220;188462&#8243; back_color_type=&#8220;uncode-palette&#8220;][vc_column column_width_percent=&#8220;100&#8243; position_vertical=&#8220;middle&#8220; gutter_size=&#8220;3&#8243; overlay_alpha=&#8220;50&#8243; [&hellip;]<\/p>\n","protected":false},"author":17,"featured_media":0,"parent":84120,"menu_order":0,"comment_status":"closed","ping_status":"closed","template":"","meta":{"footnotes":""},"class_list":["post-86774","page","type-page","status-publish","hentry"],"_links":{"self":[{"href":"https:\/\/gallehr.flei.dev\/de\/wp-json\/wp\/v2\/pages\/86774","targetHints":{"allow":["GET"]}}],"collection":[{"href":"https:\/\/gallehr.flei.dev\/de\/wp-json\/wp\/v2\/pages"}],"about":[{"href":"https:\/\/gallehr.flei.dev\/de\/wp-json\/wp\/v2\/types\/page"}],"author":[{"embeddable":true,"href":"https:\/\/gallehr.flei.dev\/de\/wp-json\/wp\/v2\/users\/17"}],"replies":[{"embeddable":true,"href":"https:\/\/gallehr.flei.dev\/de\/wp-json\/wp\/v2\/comments?post=86774"}],"version-history":[{"count":0,"href":"https:\/\/gallehr.flei.dev\/de\/wp-json\/wp\/v2\/pages\/86774\/revisions"}],"up":[{"embeddable":true,"href":"https:\/\/gallehr.flei.dev\/de\/wp-json\/wp\/v2\/pages\/84120"}],"wp:attachment":[{"href":"https:\/\/gallehr.flei.dev\/de\/wp-json\/wp\/v2\/media?parent=86774"}],"curies":[{"name":"wp","href":"https:\/\/api.w.org\/{rel}","templated":true}]}}